{"id":1271,"date":"2026-04-09T14:34:30","date_gmt":"2026-04-09T14:34:30","guid":{"rendered":"https:\/\/iurty.com\/politique-en-matiere-de-remboursements-et-de-retours\/"},"modified":"2026-05-05T13:45:48","modified_gmt":"2026-05-05T13:45:48","slug":"politique-en-matiere-de-remboursements-et-de-retours","status":"publish","type":"page","link":"https:\/\/iurty.com\/fr\/politique-en-matiere-de-remboursements-et-de-retours\/","title":{"rendered":"Politique en mati\u00e8re de remboursements et de retours"},"content":{"rendered":"\n<p><b>Ceci est une page d\u2019exemple.<\/b><\/p>\n\n<h2 class=\"wp-block-heading\">Pr\u00e9sentation<\/h2>\n\n<p>Notre politique de remboursement et de retour est valable 30 jours. Si 30 jours se sont \u00e9coul\u00e9s depuis votre achat, nous ne pouvons pas vous offrir un remboursement complet ou un \u00e9change. <\/p>\n\n<p>Pour \u00eatre \u00e9ligible \u00e0 un retour, votre article doit \u00eatre inutilis\u00e9 et dans le m\u00eame \u00e9tat que vous l\u2019avez re\u00e7u. Il doit \u00e9galement \u00eatre dans son emballage d\u2019origine. <\/p>\n\n<p>Plusieurs types de produits ne peuvent pas \u00eatre retourn\u00e9s. Les produits p\u00e9rissables tels que les aliments, les fleurs, les journaux ou les magazines ne peuvent pas \u00eatre retourn\u00e9s. Nous n\u2019acceptons pas non plus les produits intimes ou sanitaires, les mati\u00e8res dangereuses, ou les liquides ou gaz inflammables.  <\/p>\n\n<p>Articles suppl\u00e9mentaires non retournables :<\/p>\n\n<ul class=\"wp-block-list\">\n<li>Cartes cadeaux<\/li>\n<li>Logiciels t\u00e9l\u00e9chargeables<\/li>\n<li>Certains articles de sant\u00e9 et de soins personnels<\/li>\n<\/ul>\n\n<p>Pour compl\u00e9ter votre retour, nous exigeons un re\u00e7u ou une preuve d\u2019achat.<\/p>\n\n<p>Veuillez ne pas renvoyer votre achat au fabricant.<\/p>\n\n<p>Dans certaines situations, seuls des remboursements partiels sont accord\u00e9s :<\/p>\n\n<ul class=\"wp-block-list\">\n<li>Livre pr\u00e9sentant des signes \u00e9vidents d\u2019utilisation<\/li>\n<li>CD, DVD, cassette VHS, logiciel, jeu vid\u00e9o, cassette audio ou disque vinyle qui a \u00e9t\u00e9 ouvert.<\/li>\n<li>Tout article qui n\u2019est pas dans son \u00e9tat d\u2019origine, est endommag\u00e9 ou dont il manque des pi\u00e8ces pour des raisons non imputables \u00e0 notre erreur.<\/li>\n<li>Tout article retourn\u00e9 plus de 30 jours apr\u00e8s la livraison<\/li>\n<\/ul>\n\n<h2 class=\"wp-block-heading\">Remboursements<\/h2>\n\n<p>Une fois votre retour re\u00e7u et inspect\u00e9, nous vous enverrons un e-mail pour vous informer que nous avons bien re\u00e7u votre article retourn\u00e9. Nous vous informerons \u00e9galement de l\u2019approbation ou du rejet de votre remboursement. <\/p>\n\n<p>Si votre demande est approuv\u00e9e, votre remboursement sera trait\u00e9 et un cr\u00e9dit sera automatiquement appliqu\u00e9 \u00e0 votre carte de cr\u00e9dit ou \u00e0 votre mode de paiement original, dans un certain nombre de jours.<\/p>\n\n<h3 class=\"wp-block-heading\">Remboursements tardifs ou manquants<\/h3>\n\n<p>Si vous n\u2019avez pas encore re\u00e7u de remboursement, v\u00e9rifiez d\u2019abord \u00e0 nouveau votre compte bancaire.<\/p>\n\n<p>Contactez ensuite votre compagnie de carte de cr\u00e9dit, il peut s\u2019\u00e9couler un certain temps avant que votre remboursement ne soit officiellement affich\u00e9.<\/p>\n\n<p>Contactez ensuite votre banque. Il y a souvent un certain d\u00e9lai de traitement avant qu\u2019un remboursement ne soit affich\u00e9. <\/p>\n\n<p>Si vous avez fait tout cela et que vous n\u2019avez toujours pas re\u00e7u votre remboursement, veuillez nous contacter \u00e0 {email address}.<\/p>\n\n<h3 class=\"wp-block-heading\">Articles en solde<\/h3>\n\n<p>Seuls les articles \u00e0 prix r\u00e9gulier peuvent \u00eatre rembours\u00e9s. Les articles en solde ne peuvent pas \u00eatre rembours\u00e9s. <\/p>\n\n<h2 class=\"wp-block-heading\">\u00c9changes<\/h2>\n\n<p>Nous ne rempla\u00e7ons les articles que s\u2019ils sont d\u00e9fectueux ou endommag\u00e9s. Si vous avez besoin d\u2019\u00e9changer un article contre le m\u00eame, envoyez-nous un e-mail \u00e0 {email address} et envoyez votre article \u00e0 : {physical address}. <\/p>\n\n<h2 class=\"wp-block-heading\">Cadeaux<\/h2>\n\n<p>Si l\u2019article a \u00e9t\u00e9 marqu\u00e9 comme cadeau lors de l\u2019achat et exp\u00e9di\u00e9 directement \u00e0 vous, vous recevrez un cr\u00e9dit cadeau correspondant \u00e0 la valeur de votre retour. Une fois l\u2019article retourn\u00e9 re\u00e7u, un ch\u00e8que-cadeau vous sera envoy\u00e9 par la poste. <\/p>\n\n<p>Si l\u2019article n\u2019a pas \u00e9t\u00e9 marqu\u00e9 comme cadeau lors de l\u2019achat, ou si la personne qui a offert le cadeau a fait exp\u00e9dier la commande chez elle pour vous la donner plus tard, nous enverrons un remboursement \u00e0 la personne qui a offert le cadeau et elle sera inform\u00e9e de votre retour.<\/p>\n\n<h2 class=\"wp-block-heading\">Exp\u00e9dition des retours<\/h2>\n\n<p>Pour retourner votre produit, vous devez l\u2019envoyer par la poste \u00e0 : {physical address}.<\/p>\n\n<p>Vous serez responsable du paiement de vos propres frais d\u2019exp\u00e9dition pour le retour de votre article. Les frais d\u2019exp\u00e9dition ne sont pas remboursables. Si vous recevez un remboursement, le co\u00fbt de l\u2019exp\u00e9dition de retour sera d\u00e9duit de votre remboursement.  <\/p>\n\n<p>Selon l\u2019endroit o\u00f9 vous vivez, le temps n\u00e9cessaire pour que votre produit \u00e9chang\u00e9 vous parvienne peut varier.<\/p>\n\n<p>Si vous retournez des articles plus chers, vous pouvez envisager d\u2019utiliser un service d\u2019exp\u00e9dition avec suivi ou de souscrire une assurance d\u2019exp\u00e9dition. Nous ne garantissons pas que nous recevrons votre article retourn\u00e9. <\/p>\n\n<h2 class=\"wp-block-heading\">Besoin d\u2019aide ?<\/h2>\n\n<p>Contactez-nous \u00e0 {email} pour toute question relative aux remboursements et aux retours.<\/p>\n","protected":false},"excerpt":{"rendered":"<p>Ceci est une page d\u2019exemple. Pr\u00e9sentation Notre politique de remboursement et de retour est valable 30 jours. Si 30 jours se sont \u00e9coul\u00e9s depuis votre achat, nous ne pouvons pas vous offrir un remboursement complet ou un \u00e9change. Pour \u00eatre \u00e9ligible \u00e0 un retour, votre article doit \u00eatre inutilis\u00e9 et dans le m\u00eame \u00e9tat que [&hellip;]<\/p>\n","protected":false},"author":1,"featured_media":0,"parent":0,"menu_order":0,"comment_status":"closed","ping_status":"closed","template":"","meta":{"footnotes":""},"class_list":["post-1271","page","type-page","status-publish","hentry"],"yoast_head":"<!-- This site is optimized with the Yoast SEO plugin v27.6 - https:\/\/yoast.com\/product\/yoast-seo-wordpress\/ -->\n<title>Politique en mati\u00e8re de remboursements et de retours - IURTY LAB<\/title>\n<meta name=\"robots\" content=\"index, follow, max-snippet:-1, max-image-preview:large, max-video-preview:-1\" \/>\n<link rel=\"canonical\" href=\"https:\/\/iurty.com\/fr\/politique-en-matiere-de-remboursements-et-de-retours\/\" \/>\n<meta property=\"og:locale\" content=\"fr_FR\" \/>\n<meta property=\"og:type\" content=\"article\" \/>\n<meta property=\"og:title\" content=\"Politique en mati\u00e8re de remboursements et de retours - IURTY LAB\" \/>\n<meta property=\"og:description\" content=\"Ceci est une page d\u2019exemple. Pr\u00e9sentation Notre politique de remboursement et de retour est valable 30 jours. Si 30 jours se sont \u00e9coul\u00e9s depuis votre achat, nous ne pouvons pas vous offrir un remboursement complet ou un \u00e9change. Pour \u00eatre \u00e9ligible \u00e0 un retour, votre article doit \u00eatre inutilis\u00e9 et dans le m\u00eame \u00e9tat que [&hellip;]\" \/>\n<meta property=\"og:url\" content=\"https:\/\/iurty.com\/fr\/politique-en-matiere-de-remboursements-et-de-retours\/\" \/>\n<meta property=\"og:site_name\" content=\"IURTY LAB\" \/>\n<meta property=\"article:modified_time\" content=\"2026-05-05T13:45:48+00:00\" \/>\n<meta name=\"twitter:card\" content=\"summary_large_image\" \/>\n<meta name=\"twitter:label1\" content=\"Dur\u00e9e de lecture estim\u00e9e\" \/>\n\t<meta name=\"twitter:data1\" content=\"3 minutes\" \/>\n<script type=\"application\/ld+json\" class=\"yoast-schema-graph\">{\"@context\":\"https:\\\/\\\/schema.org\",\"@graph\":[{\"@type\":\"WebPage\",\"@id\":\"https:\\\/\\\/iurty.com\\\/fr\\\/politique-en-matiere-de-remboursements-et-de-retours\\\/\",\"url\":\"https:\\\/\\\/iurty.com\\\/fr\\\/politique-en-matiere-de-remboursements-et-de-retours\\\/\",\"name\":\"Politique en mati\u00e8re de remboursements et de retours - IURTY LAB\",\"isPartOf\":{\"@id\":\"https:\\\/\\\/iurty.com\\\/#website\"},\"datePublished\":\"2026-04-09T14:34:30+00:00\",\"dateModified\":\"2026-05-05T13:45:48+00:00\",\"breadcrumb\":{\"@id\":\"https:\\\/\\\/iurty.com\\\/fr\\\/politique-en-matiere-de-remboursements-et-de-retours\\\/#breadcrumb\"},\"inLanguage\":\"fr-FR\",\"potentialAction\":[{\"@type\":\"ReadAction\",\"target\":[\"https:\\\/\\\/iurty.com\\\/fr\\\/politique-en-matiere-de-remboursements-et-de-retours\\\/\"]}]},{\"@type\":\"BreadcrumbList\",\"@id\":\"https:\\\/\\\/iurty.com\\\/fr\\\/politique-en-matiere-de-remboursements-et-de-retours\\\/#breadcrumb\",\"itemListElement\":[{\"@type\":\"ListItem\",\"position\":1,\"name\":\"Home\",\"item\":\"https:\\\/\\\/iurty.com\\\/fr\\\/\"},{\"@type\":\"ListItem\",\"position\":2,\"name\":\"Politique en mati\u00e8re de remboursements et de retours\"}]},{\"@type\":\"WebSite\",\"@id\":\"https:\\\/\\\/iurty.com\\\/#website\",\"url\":\"https:\\\/\\\/iurty.com\\\/\",\"name\":\"IURTY LAB\",\"description\":\"Molecular Skin Science\",\"publisher\":{\"@id\":\"https:\\\/\\\/iurty.com\\\/#organization\"},\"potentialAction\":[{\"@type\":\"SearchAction\",\"target\":{\"@type\":\"EntryPoint\",\"urlTemplate\":\"https:\\\/\\\/iurty.com\\\/?s={search_term_string}\"},\"query-input\":{\"@type\":\"PropertyValueSpecification\",\"valueRequired\":true,\"valueName\":\"search_term_string\"}}],\"inLanguage\":\"fr-FR\"},{\"@type\":\"Organization\",\"@id\":\"https:\\\/\\\/iurty.com\\\/#organization\",\"name\":\"IURTY LAB\",\"url\":\"https:\\\/\\\/iurty.com\\\/\",\"logo\":{\"@type\":\"ImageObject\",\"inLanguage\":\"fr-FR\",\"@id\":\"https:\\\/\\\/iurty.com\\\/#\\\/schema\\\/logo\\\/image\\\/\",\"url\":\"https:\\\/\\\/iurty.com\\\/wp-content\\\/uploads\\\/2026\\\/03\\\/Fichier-1-1.png\",\"contentUrl\":\"https:\\\/\\\/iurty.com\\\/wp-content\\\/uploads\\\/2026\\\/03\\\/Fichier-1-1.png\",\"width\":692,\"height\":256,\"caption\":\"IURTY LAB\"},\"image\":{\"@id\":\"https:\\\/\\\/iurty.com\\\/#\\\/schema\\\/logo\\\/image\\\/\"},\"sameAs\":[\"https:\\\/\\\/www.instagram.com\\\/iurty_lab\\\/\"]}]}<\/script>\n<!-- \/ Yoast SEO plugin. -->","yoast_head_json":{"title":"Politique en mati\u00e8re de remboursements et de retours - IURTY LAB","robots":{"index":"index","follow":"follow","max-snippet":"max-snippet:-1","max-image-preview":"max-image-preview:large","max-video-preview":"max-video-preview:-1"},"canonical":"https:\/\/iurty.com\/fr\/politique-en-matiere-de-remboursements-et-de-retours\/","og_locale":"fr_FR","og_type":"article","og_title":"Politique en mati\u00e8re de remboursements et de retours - IURTY LAB","og_description":"Ceci est une page d\u2019exemple. Pr\u00e9sentation Notre politique de remboursement et de retour est valable 30 jours. Si 30 jours se sont \u00e9coul\u00e9s depuis votre achat, nous ne pouvons pas vous offrir un remboursement complet ou un \u00e9change. Pour \u00eatre \u00e9ligible \u00e0 un retour, votre article doit \u00eatre inutilis\u00e9 et dans le m\u00eame \u00e9tat que [&hellip;]","og_url":"https:\/\/iurty.com\/fr\/politique-en-matiere-de-remboursements-et-de-retours\/","og_site_name":"IURTY LAB","article_modified_time":"2026-05-05T13:45:48+00:00","twitter_card":"summary_large_image","twitter_misc":{"Dur\u00e9e de lecture estim\u00e9e":"3 minutes"},"schema":{"@context":"https:\/\/schema.org","@graph":[{"@type":"WebPage","@id":"https:\/\/iurty.com\/fr\/politique-en-matiere-de-remboursements-et-de-retours\/","url":"https:\/\/iurty.com\/fr\/politique-en-matiere-de-remboursements-et-de-retours\/","name":"Politique en mati\u00e8re de remboursements et de retours - IURTY LAB","isPartOf":{"@id":"https:\/\/iurty.com\/#website"},"datePublished":"2026-04-09T14:34:30+00:00","dateModified":"2026-05-05T13:45:48+00:00","breadcrumb":{"@id":"https:\/\/iurty.com\/fr\/politique-en-matiere-de-remboursements-et-de-retours\/#breadcrumb"},"inLanguage":"fr-FR","potentialAction":[{"@type":"ReadAction","target":["https:\/\/iurty.com\/fr\/politique-en-matiere-de-remboursements-et-de-retours\/"]}]},{"@type":"BreadcrumbList","@id":"https:\/\/iurty.com\/fr\/politique-en-matiere-de-remboursements-et-de-retours\/#breadcrumb","itemListElement":[{"@type":"ListItem","position":1,"name":"Home","item":"https:\/\/iurty.com\/fr\/"},{"@type":"ListItem","position":2,"name":"Politique en mati\u00e8re de remboursements et de retours"}]},{"@type":"WebSite","@id":"https:\/\/iurty.com\/#website","url":"https:\/\/iurty.com\/","name":"IURTY LAB","description":"Molecular Skin Science","publisher":{"@id":"https:\/\/iurty.com\/#organization"},"potentialAction":[{"@type":"SearchAction","target":{"@type":"EntryPoint","urlTemplate":"https:\/\/iurty.com\/?s={search_term_string}"},"query-input":{"@type":"PropertyValueSpecification","valueRequired":true,"valueName":"search_term_string"}}],"inLanguage":"fr-FR"},{"@type":"Organization","@id":"https:\/\/iurty.com\/#organization","name":"IURTY LAB","url":"https:\/\/iurty.com\/","logo":{"@type":"ImageObject","inLanguage":"fr-FR","@id":"https:\/\/iurty.com\/#\/schema\/logo\/image\/","url":"https:\/\/iurty.com\/wp-content\/uploads\/2026\/03\/Fichier-1-1.png","contentUrl":"https:\/\/iurty.com\/wp-content\/uploads\/2026\/03\/Fichier-1-1.png","width":692,"height":256,"caption":"IURTY LAB"},"image":{"@id":"https:\/\/iurty.com\/#\/schema\/logo\/image\/"},"sameAs":["https:\/\/www.instagram.com\/iurty_lab\/"]}]}},"jetpack_sharing_enabled":true,"_links":{"self":[{"href":"https:\/\/iurty.com\/fr\/wp-json\/wp\/v2\/pages\/1271","targetHints":{"allow":["GET"]}}],"collection":[{"href":"https:\/\/iurty.com\/fr\/wp-json\/wp\/v2\/pages"}],"about":[{"href":"https:\/\/iurty.com\/fr\/wp-json\/wp\/v2\/types\/page"}],"author":[{"embeddable":true,"href":"https:\/\/iurty.com\/fr\/wp-json\/wp\/v2\/users\/1"}],"replies":[{"embeddable":true,"href":"https:\/\/iurty.com\/fr\/wp-json\/wp\/v2\/comments?post=1271"}],"version-history":[{"count":1,"href":"https:\/\/iurty.com\/fr\/wp-json\/wp\/v2\/pages\/1271\/revisions"}],"predecessor-version":[{"id":1272,"href":"https:\/\/iurty.com\/fr\/wp-json\/wp\/v2\/pages\/1271\/revisions\/1272"}],"wp:attachment":[{"href":"https:\/\/iurty.com\/fr\/wp-json\/wp\/v2\/media?parent=1271"}],"curies":[{"name":"wp","href":"https:\/\/api.w.org\/{rel}","templated":true}]}}