{"id":1540,"date":"2026-05-07T13:56:09","date_gmt":"2026-05-07T13:56:09","guid":{"rendered":"https:\/\/iurty.com\/?page_id=1540"},"modified":"2026-05-11T10:33:56","modified_gmt":"2026-05-11T10:33:56","slug":"cgv","status":"publish","type":"page","link":"https:\/\/iurty.com\/fr\/cgv\/","title":{"rendered":"CGV"},"content":{"rendered":"\n<div style=\"height:67px\" aria-hidden=\"true\" class=\"wp-block-spacer\"><\/div>\n\n\n\n<h2 class=\"wp-block-heading\">Conditions G\u00e9n\u00e9rales de Vente<\/h2>\n\n\n\n<p>Notre service de relation client est joignable :<\/p>\n\n\n\n<ul class=\"wp-block-list\">\n<li>Par le <a href=\"https:\/\/iurty.com\/fr\/contact\/\" data-type=\"page\" data-id=\"1502\">formulaire de contact<\/a><\/li>\n\n\n\n<li>Par t\u00e9l\u00e9phone :&nbsp;<a href=\"tel:+33134343232\">+33 1 34 34 32 32<\/a><\/li>\n\n\n\n<li>Par courrier \u00e0 l\u2019adresse : 10 Place Vend\u00f4me, 75001 Paris \u2013 FRANCE<\/li>\n<\/ul>\n\n\n\n<h4 class=\"wp-block-heading\"><strong>1 \u2013 CHAMP D\u2019APPLICATION<\/strong><\/h4>\n\n\n\n<p><strong>1.1 \u2013<\/strong>&nbsp;Les pr\u00e9sentes conditions g\u00e9n\u00e9rales de vente (ci apr\u00e8s \u00ab CGV \u00bb) s\u2019appliquent \u00e0 toutes les commandes pass\u00e9es par toute personne (ci-apr\u00e8s \u00ab toi \u00bb) aupr\u00e8s de la soci\u00e9t\u00e9 (ci-apr\u00e8s \u00ab INTERPRESTIGE | IURTY LAB \u00bb) dans leur version en vigueur au moment de la commande.<br>La validation de ta commande vaut acceptation des CGV.<br>Toutes les livraisons, prestations, sont exclusivement g\u00e9r\u00e9es par les pr\u00e9sentes CGV sauf convention contraire, expresse, et \u00e9crite.<\/p>\n\n\n\n<p><strong>1.2 \u2013<\/strong>&nbsp;Le terme consommateur utilis\u00e9 dans les CGV d\u00e9signe une personne physique passant une commande qui ne rel\u00e8ve pas de son activit\u00e9 professionnelle.<br>Le terme jour ouvrable au sens des pr\u00e9sentes CGV d\u00e9signe tous les jours de la semaine \u00e0 l\u2019exception des samedis, dimanches et jours f\u00e9ri\u00e9s.<\/p>\n\n\n\n<p><strong>1.3 \u2013<\/strong>&nbsp;La soci\u00e9t\u00e9 INTERPRESTIGE se r\u00e9serve le droit de pouvoir modifier ses CGV \u00e0 tout moment et sans pr\u00e9avis.<\/p>\n\n\n\n<h4 class=\"wp-block-heading\"><strong>2 \u2013 CONSULTATION DES DISPOSITIONS PARTICULI\u00c8RES<\/strong><\/h4>\n\n\n\n<p><strong>2.1 \u2013<\/strong>&nbsp;Vous avez la possibilit\u00e9 de consulter \u00e0 tout moment les pr\u00e9sentes CGV sur notre site www.iurty.com. Vous pouvez imprimer ou enregistrer ce document. Les conditions contractuelles de votre commande figurent dans l\u2019e-mail de confirmation de votre commande qui vous sera adress\u00e9 automatiquement \u00e0 l\u2019adresse e-mail que vous nous aurez indiqu\u00e9e.<\/p>\n\n\n\n<p><strong>2.2 \u2013<\/strong>&nbsp;Les donn\u00e9es que vous avez enregistr\u00e9es en cr\u00e9ant votre compte sont prot\u00e9g\u00e9es par un mot de passe. Vous vous engager \u00e0 ne pas divulguer ce mot de passe \u00e0 un tiers. Vous pouvez \u00e0 tout moment consulter les donn\u00e9es de votre compte, interroger vos commandes en cours ou ant\u00e9rieures, les livraison en cours ou ant\u00e9rieures, modifier les donn\u00e9es vous concernant.<\/p>\n\n\n\n<h4 class=\"wp-block-heading\"><strong>3 \u2013 PRODUITS ET DISPONIBILIT\u00c9<\/strong><\/h4>\n\n\n\n<p><strong>3.1 \u2013<\/strong>&nbsp;Les produits pr\u00e9sent\u00e9s sur le site sont disponibles dans la limite des stocks.<br>La commande et la livraison ne sont valid\u00e9es que par l\u2019envoi d\u2019un mail de confirmation par nos soins \u00e0 partir de l\u2019adresse .<\/p>\n\n\n\n<p><strong>3.2 \u2013<\/strong>&nbsp;Les produits pr\u00e9sent\u00e9s sont photographi\u00e9s et d\u00e9crits le plus fid\u00e8lement possible. En fonction du navigateur internet et\/ou de l\u2019\u00e9cran utilis\u00e9, les couleurs pourraient ne pas respecter fid\u00e8lement la r\u00e9alit\u00e9.<\/p>\n\n\n\n<h4 class=\"wp-block-heading\"><strong>4 \u2013 COMMENT EFFECTUER UN ACHAT<\/strong><\/h4>\n\n\n\n<p><strong>4.1 \u2013<\/strong>&nbsp;L\u2019utilisateur qui souhaite acheter un produit sur la boutique en ligne doit :<\/p>\n\n\n\n<ul class=\"wp-block-list\">\n<li>Remplir la fiche d\u2019identification sur laquelle il indiquera toutes les informations requises. Un identifiant et un mot de passe seront demand\u00e9s.<\/li>\n\n\n\n<li>S\u00e9lectionner le ou les produits \u00e0 la fr\u00e9quence souhait\u00e9e (si abonnement),<\/li>\n<\/ul>\n\n\n\n<ul class=\"wp-block-list\">\n<li>Confirmer la commande, la commande devient d\u00e9finitive lorsque vous aurez cliqu\u00e9 sur \u201d passer la commande \u201c<\/li>\n\n\n\n<li>Effectuer le paiement dans les conditions pr\u00e9vues<\/li>\n\n\n\n<li>Nous accuserons r\u00e9ception de votre commande par une confirmation de commande envoy\u00e9e \u00e0 l\u2019adresse que vous aurez indiqu\u00e9e<\/li>\n<\/ul>\n\n\n\n<p><strong>4.2 \u2013<\/strong>&nbsp;Toute passation de commande vaut acceptation de votre part des prix et description des produits que vous aurez plac\u00e9s dans votre panier<\/p>\n\n\n\n<p><strong>4.3 \u2013<\/strong>&nbsp;Nous nous r\u00e9servons le droit d\u2019annuler ou de refuser toute commande d\u2019un client avec lequel il existerait un litige relatif au paiement d\u2019une commande ant\u00e9rieure ou qui pr\u00e9senterait une quelconque suspicion de fraude.<\/p>\n\n\n\n<h4 class=\"wp-block-heading\"><strong>5 \u2013 TARIF<\/strong><\/h4>\n\n\n\n<p><strong>5.1 \u2013<\/strong>&nbsp;Les prix des articles sont indiqu\u00e9s en Euros, hors frais d\u2019exp\u00e9dition. Ceux-ci sont indiqu\u00e9s par d\u00e9faut en TTC droits et taxes inclus<\/p>\n\n\n\n<p><strong>5.2 \u2013<\/strong>&nbsp;Livraison \u00e0 destination de la France m\u00e9tropolitaine et Union Europ\u00e9enne : Tarif appliqu\u00e9 : Toutes Taxes Comprises (TTC). Taux de TVA 20 %<\/p>\n\n\n\n<ul class=\"wp-block-list\">\n<li>Livraison \u00e0 destination des DOM TOM : Tarif appliqu\u00e9 : Hors Taxes (HT). La TVA et autres droits seront \u00e0 payer par le destinataire aux services douaniers du lieu de livraison.<\/li>\n\n\n\n<li>Livraison \u00e0 destination des pays Hors Union Europ\u00e9enne : Tarif appliqu\u00e9 : Droits et taxes inclus. Aucun droit n\u2019est d\u00fb aux services douaniers du lieu de livraison. Ils sont pris en charge par l\u2019exp\u00e9diteur, la soci\u00e9t\u00e9 INTERPRESTIGE. Les produits seront factur\u00e9s sur la base des tarifs en vigueur au moment de l\u2019enregistrement des commandes.<\/li>\n<\/ul>\n\n\n\n<p><strong>5.3 \u2013<\/strong>&nbsp;La soci\u00e9t\u00e9 INTERPRESTIGE se r\u00e9serve le droit de modifier ses prix \u00e0 tout moment, \u00e9tant entendu que le prix appliqu\u00e9 au consommateur est celui correspondant au jour de validation de sa commande.<\/p>\n\n\n\n<h4 class=\"wp-block-heading\"><strong>6 \u2013 LIVRAISON<\/strong><\/h4>\n\n\n\n<p><strong>6.1 \u2013<\/strong>&nbsp;Les livraisons sont faites \u00e0 l\u2019adresse indiqu\u00e9e sur le bon de commande.<\/p>\n\n\n\n<p>Vous devrez pr\u00e9ciser toutes les informations que vous jugerez n\u00e9cessaires : code d\u2019acc\u00e8s, \u00e9tage, pr\u00e9sence d\u2019un gardien. En cas d\u2019erreur ou d\u2019impr\u00e9cision dans le libell\u00e9 des coordonn\u00e9es de l\u2019acheteur, nous ne pourrons \u00eatre tenus responsables de l\u2019impossibilit\u00e9 de livrer la commande.<\/p>\n\n\n\n<p><strong>6.2 \u2013<\/strong>&nbsp;Pour la France M\u00e9tropolitaine, Andorre et Monaco, nos livraisons se font en Colissimo au tarif de 5,40\u20ac.<\/p>\n\n\n\n<p>Pour les pays figurant en dehors de la France et l\u2019UE, la livraison sera assur\u00e9e par le transporteur \u00e0 l\u2019adresse que vous aurez indiqu\u00e9e et sera au montant de 25\u20ac.<\/p>\n\n\n\n<p>Les livraisons sont faites \u00e0 l\u2019adresse indiqu\u00e9e sur le bon de commande. Vous devrez pr\u00e9ciser toutes les informations que vous jugerez n\u00e9cessaires : code d\u2019acc\u00e8s, \u00e9tage, pr\u00e9sence d\u2019un gardien. En cas d\u2019erreur ou d\u2019impr\u00e9cision dans le libell\u00e9 des coordonn\u00e9es de l\u2019acheteur, nous ne pourrons \u00eatre tenus responsables de l\u2019impossibilit\u00e9 de livrer la commande.<\/p>\n\n\n\n<p><strong>6.3 \u2013<\/strong>&nbsp;Probl\u00e8mes de livraison :<\/p>\n\n\n\n<p>Si l\u2019emballage d\u2019origine est ab\u00eem\u00e9, d\u00e9chir\u00e9 ou ouvert au moment de la livraison, nous vous conseillons de noter la mention \u00ab sous r\u00e9serves + raison(s) \u00bb et de v\u00e9rifier l\u2019\u00e9tat de(s) article(s), ou de refuser le colis avec la mention \u00ab refus\u00e9 car ouvert ou endommag\u00e9 \u00bb sur le bordereau de livraison du transporteur. Vous disposez ensuite d\u2019un d\u00e9lai de trois jours pour en avertir notre soci\u00e9t\u00e9. Vous devrez faire \u00e9tat de mani\u00e8re d\u00e9taill\u00e9e du probl\u00e8me constat\u00e9 (par exemple : colis endommag\u00e9, d\u00e9j\u00e0 ouvert\u2026)<\/p>\n\n\n\n<p>En cas de non livraison du colis dans les d\u00e9lais annonc\u00e9s par le transporteur , vous devrez nous en informer le plus rapidement possible. Nous ouvrirons alors une enqu\u00eate aupr\u00e8s des services concern\u00e9s et nous mettrons tout en \u0153uvre pour que le d\u00e9lai d\u2019attente soit raisonnable.<\/p>\n\n\n\n<p><strong>6.4 \u2013<\/strong>&nbsp;Nous nous engageons \u00e0 livrer la marchandise command\u00e9e sur le site dans le d\u00e9lai, exprim\u00e9 en jours ouvrables, qui sera affich\u00e9 dans le r\u00e9capitulatif de ta commande ainsi que dans l\u2019e-mail de confirmation de commande.<\/p>\n\n\n\n<h4 class=\"wp-block-heading\"><strong>7 \u2013 MODALITES DE PAIEMENT<\/strong><\/h4>\n\n\n\n<p><strong>7.1 \u2013<\/strong>&nbsp;Le prix est exigible \u00e0 la commande et en une seule fois.<\/p>\n\n\n\n<p><strong>7.2 \u2013<\/strong>&nbsp;Toute tentative de fraude, pour quelque montant que ce soit et quel qu\u2019en soit l\u2019origine, fera l\u2019objet de poursuite p\u00e9nale<\/p>\n\n\n\n<p><strong>7.3 \u2013<\/strong>&nbsp;Le paiement de la commande se fera au choix soit par :<\/p>\n\n\n\n<ul id=\"block-e21d4f66-5a1a-4c81-adb9-cd894abe63c3\" class=\"wp-block-list\">\n<li>Carte Bancaire (CARTE BLEUE)<\/li>\n\n\n\n<li>Carte de cr\u00e9dit (VISA, MASTERCARD, AMERICAN EXPRESS)<\/li>\n\n\n\n<li>PAYPAL<\/li>\n<\/ul>\n\n\n\n<p>Le paiement est s\u00e9curis\u00e9 par le biais de la banque CIC, muni d\u2019un dispositif s\u00e9curitaire : le programme 3D secure , avec demande d\u2019authentification au moment du paiement, afin de limiter l\u2019utilisation frauduleuse d\u2019un num\u00e9ro de carte sur Internet \u00e0 l\u2019insu de son propri\u00e9taire.<\/p>\n\n\n\n<h4 class=\"wp-block-heading\"><strong>8 \u2013 DROIT DE R\u00c9TRACTATION<\/strong><\/h4>\n\n\n\n<p><strong>8.1 \u2013<\/strong>&nbsp;Le client dispose d\u2019un d\u00e9lai de quatorze jours francs \u00e0 compter du jour de r\u00e9ception du produit pour exercer son droit de r\u00e9tractation et pour retourner la marchandise. Les produits retourn\u00e9s doivent \u00eatre en l\u2019\u00e9tat d\u2019origine, non utilis\u00e9s, dans leur emballage et sous blister. A r\u00e9ception du colis, Interprestige jugera du parfait \u00e9tat de la marchandise retourn\u00e9e. Aucun retour ne sera accept\u00e9 si les produits retourn\u00e9s ont \u00e9t\u00e9 visiblement utilis\u00e9s ou endommag\u00e9s du fait de l\u2019acheteur et que cette utilisation ou ces dommages rendent les produits impropres \u00e0 la vente. Si le retour est refus\u00e9, les produits seront alors retourn\u00e9s \u00e0 l\u2019acheteur \u00e0 nos frais sans que le client ne puisse exiger une quelconque compensation ou droit \u00e0 remboursement. Si le client se r\u00e9tracte dans le d\u00e9lai imparti, INTERPRESTIGE s\u2019engage \u00e0 le rembourser de la totalit\u00e9 des sommes vers\u00e9es, exception faite des frais de retour qui resteront \u00e0 la charge du client.<\/p>\n\n\n\n<h4 class=\"wp-block-heading\"><strong>9 \u2013 RESPONSABILITES<\/strong><\/h4>\n\n\n\n<p><strong>9.1 \u2013<\/strong>&nbsp;Dans le processus de vente en ligne, la soci\u00e9t\u00e9 INTERPRESTIGE n\u2019est tenue que par une obligation de moyens ; sa responsabilit\u00e9 ne pourra \u00eatre engag\u00e9e pour un dommage r\u00e9sultant de l\u2019utilisation du r\u00e9seau internet telle que perte de donn\u00e9es, intrusion, virus, rupture du service, ou autres probl\u00e8mes ind\u00e9pendant de notre volont\u00e9.<\/p>\n\n\n\n<h4 class=\"wp-block-heading\"><strong>10 \u2013 PROPRI\u00c9T\u00c9 INTELLECTUELLE<\/strong><\/h4>\n\n\n\n<p><strong>10.1 \u2013<\/strong>&nbsp;Tous les \u00e9l\u00e9ments du site de la soci\u00e9t\u00e9 INTERPRESTIGE | IURTY LAB sont et restent la propri\u00e9t\u00e9 intellectuelle et exclusive de la soci\u00e9t\u00e9 INTERPRESTIGE. Personne n\u2019est autoris\u00e9e \u00e0 reproduire, exploiter, diffuser, ou utiliser \u00e0 quelque titre que ce soit, m\u00eame partiellement, des \u00e9l\u00e9ments du site qu\u2019ils soient logiciels, visuels ou sonores. Tout lien simple ou par hypertexte est strictement interdit sans accord \u00e9crit de la soci\u00e9t\u00e9 INTERPRESTIGE. Toute reproduction totale ou partielle des sites de la soci\u00e9t\u00e9 INTERPRESTIGE, est strictement interdite sauf accord pr\u00e9alable.<\/p>\n\n\n\n<h4 class=\"wp-block-heading\"><strong>11 \u2013 PROTECTION DES DONN\u00c9ES \u00c0 CARACT\u00c8RE PERSONNEL<\/strong><\/h4>\n\n\n\n<p><strong>11.1 \u2013<\/strong>&nbsp;Nous enregistrons les donn\u00e9es que vous nous communiquez lors de votre commande. La collecte et le traitement automatis\u00e9s de ces donn\u00e9es vous concernant sont n\u00e9cessaires \u00e0 la gestion de ta commande et \u00e0 nos relations commerciales. Elles peuvent \u00eatre transmises aux soci\u00e9t\u00e9s qui contribuent \u00e0 ces relations telles que celles charg\u00e9es de l\u2019ex\u00e9cution des services et commandes pour leur gestion, ex\u00e9cution, traitement et paiement. Ces informations et donn\u00e9es sont \u00e9galement conserv\u00e9es \u00e0 des fins de s\u00e9curit\u00e9, afin de respecter les obligations l\u00e9gales et r\u00e9glementaires et ainsi que pour nous permettre d\u2019am\u00e9liorer et personnaliser les services que nous te proposons et les informations (par exemple des offres de produits) que nous vous adressons.<\/p>\n\n\n\n<h4 class=\"wp-block-heading\"><strong>12 \u2013 ARCHIVAGE, PREUVE<\/strong><\/h4>\n\n\n\n<p><strong>12.1 \u2013<\/strong>&nbsp;La soci\u00e9t\u00e9 INTERPRESTIGE archivera les bons de commande et les factures sur un support fiable et durable constituant une copie fid\u00e8le, conform\u00e9ment aux dispositions de l\u2019article 1348 du Code Civil. Les registres informatis\u00e9s de la soci\u00e9t\u00e9 seront consid\u00e9r\u00e9s par les parties comme preuves des communications, commandes, paiements et transactions intervenus entre les parties.<\/p>\n\n\n\n<h4 class=\"wp-block-heading\"><strong>13 \u2013 DROIT APPLICABLE<\/strong><\/h4>\n\n\n\n<p><strong>13.1 \u2013<\/strong>&nbsp;Les relations contractuelles entre nous et nos clients consommateurs sont soumises au droit fran\u00e7ais.<\/p>\n","protected":false},"excerpt":{"rendered":"<p>Conditions G\u00e9n\u00e9rales de Vente Notre service de relation client est joignable : 1 \u2013 CHAMP D\u2019APPLICATION 1.1 \u2013&nbsp;Les pr\u00e9sentes conditions g\u00e9n\u00e9rales de vente (ci apr\u00e8s \u00ab CGV \u00bb) s\u2019appliquent \u00e0 toutes les commandes pass\u00e9es par toute personne (ci-apr\u00e8s \u00ab toi \u00bb) aupr\u00e8s de la soci\u00e9t\u00e9 (ci-apr\u00e8s \u00ab INTERPRESTIGE | IURTY LAB \u00bb) dans leur version [&hellip;]<\/p>\n","protected":false},"author":2,"featured_media":0,"parent":0,"menu_order":0,"comment_status":"closed","ping_status":"closed","template":"page-no-title","meta":{"footnotes":""},"class_list":["post-1540","page","type-page","status-publish","hentry"],"yoast_head":"<!-- This site is optimized with the Yoast SEO plugin v27.6 - https:\/\/yoast.com\/product\/yoast-seo-wordpress\/ -->\n<title>CGV - IURTY LAB<\/title>\n<meta name=\"robots\" content=\"index, follow, max-snippet:-1, max-image-preview:large, max-video-preview:-1\" \/>\n<link rel=\"canonical\" href=\"https:\/\/iurty.com\/fr\/cgv\/\" \/>\n<meta property=\"og:locale\" content=\"fr_FR\" \/>\n<meta property=\"og:type\" content=\"article\" \/>\n<meta property=\"og:title\" content=\"CGV - IURTY LAB\" \/>\n<meta property=\"og:description\" content=\"Conditions G\u00e9n\u00e9rales de Vente Notre service de relation client est joignable : 1 \u2013 CHAMP D\u2019APPLICATION 1.1 \u2013&nbsp;Les pr\u00e9sentes conditions g\u00e9n\u00e9rales de vente (ci apr\u00e8s \u00ab CGV \u00bb) s\u2019appliquent \u00e0 toutes les commandes pass\u00e9es par toute personne (ci-apr\u00e8s \u00ab toi \u00bb) aupr\u00e8s de la soci\u00e9t\u00e9 (ci-apr\u00e8s \u00ab INTERPRESTIGE | IURTY LAB \u00bb) dans leur version [&hellip;]\" \/>\n<meta property=\"og:url\" content=\"https:\/\/iurty.com\/fr\/cgv\/\" \/>\n<meta property=\"og:site_name\" content=\"IURTY LAB\" \/>\n<meta property=\"article:modified_time\" content=\"2026-05-11T10:33:56+00:00\" \/>\n<meta name=\"twitter:card\" content=\"summary_large_image\" \/>\n<meta name=\"twitter:label1\" content=\"Dur\u00e9e de lecture estim\u00e9e\" \/>\n\t<meta name=\"twitter:data1\" content=\"9 minutes\" \/>\n<script type=\"application\/ld+json\" class=\"yoast-schema-graph\">{\"@context\":\"https:\\\/\\\/schema.org\",\"@graph\":[{\"@type\":\"WebPage\",\"@id\":\"https:\\\/\\\/iurty.com\\\/fr\\\/cgv\\\/\",\"url\":\"https:\\\/\\\/iurty.com\\\/fr\\\/cgv\\\/\",\"name\":\"CGV - IURTY LAB\",\"isPartOf\":{\"@id\":\"https:\\\/\\\/iurty.com\\\/#website\"},\"datePublished\":\"2026-05-07T13:56:09+00:00\",\"dateModified\":\"2026-05-11T10:33:56+00:00\",\"breadcrumb\":{\"@id\":\"https:\\\/\\\/iurty.com\\\/fr\\\/cgv\\\/#breadcrumb\"},\"inLanguage\":\"fr-FR\",\"potentialAction\":[{\"@type\":\"ReadAction\",\"target\":[\"https:\\\/\\\/iurty.com\\\/fr\\\/cgv\\\/\"]}]},{\"@type\":\"BreadcrumbList\",\"@id\":\"https:\\\/\\\/iurty.com\\\/fr\\\/cgv\\\/#breadcrumb\",\"itemListElement\":[{\"@type\":\"ListItem\",\"position\":1,\"name\":\"Home\",\"item\":\"https:\\\/\\\/iurty.com\\\/fr\\\/\"},{\"@type\":\"ListItem\",\"position\":2,\"name\":\"CGV\"}]},{\"@type\":\"WebSite\",\"@id\":\"https:\\\/\\\/iurty.com\\\/#website\",\"url\":\"https:\\\/\\\/iurty.com\\\/\",\"name\":\"IURTY LAB\",\"description\":\"Molecular Skin Science\",\"publisher\":{\"@id\":\"https:\\\/\\\/iurty.com\\\/#organization\"},\"potentialAction\":[{\"@type\":\"SearchAction\",\"target\":{\"@type\":\"EntryPoint\",\"urlTemplate\":\"https:\\\/\\\/iurty.com\\\/?s={search_term_string}\"},\"query-input\":{\"@type\":\"PropertyValueSpecification\",\"valueRequired\":true,\"valueName\":\"search_term_string\"}}],\"inLanguage\":\"fr-FR\"},{\"@type\":\"Organization\",\"@id\":\"https:\\\/\\\/iurty.com\\\/#organization\",\"name\":\"IURTY LAB\",\"url\":\"https:\\\/\\\/iurty.com\\\/\",\"logo\":{\"@type\":\"ImageObject\",\"inLanguage\":\"fr-FR\",\"@id\":\"https:\\\/\\\/iurty.com\\\/#\\\/schema\\\/logo\\\/image\\\/\",\"url\":\"https:\\\/\\\/iurty.com\\\/wp-content\\\/uploads\\\/2026\\\/03\\\/Fichier-1-1.png\",\"contentUrl\":\"https:\\\/\\\/iurty.com\\\/wp-content\\\/uploads\\\/2026\\\/03\\\/Fichier-1-1.png\",\"width\":692,\"height\":256,\"caption\":\"IURTY LAB\"},\"image\":{\"@id\":\"https:\\\/\\\/iurty.com\\\/#\\\/schema\\\/logo\\\/image\\\/\"},\"sameAs\":[\"https:\\\/\\\/www.instagram.com\\\/iurty_lab\\\/\"]}]}<\/script>\n<!-- \/ Yoast SEO plugin. -->","yoast_head_json":{"title":"CGV - IURTY LAB","robots":{"index":"index","follow":"follow","max-snippet":"max-snippet:-1","max-image-preview":"max-image-preview:large","max-video-preview":"max-video-preview:-1"},"canonical":"https:\/\/iurty.com\/fr\/cgv\/","og_locale":"fr_FR","og_type":"article","og_title":"CGV - IURTY LAB","og_description":"Conditions G\u00e9n\u00e9rales de Vente Notre service de relation client est joignable : 1 \u2013 CHAMP D\u2019APPLICATION 1.1 \u2013&nbsp;Les pr\u00e9sentes conditions g\u00e9n\u00e9rales de vente (ci apr\u00e8s \u00ab CGV \u00bb) s\u2019appliquent \u00e0 toutes les commandes pass\u00e9es par toute personne (ci-apr\u00e8s \u00ab toi \u00bb) aupr\u00e8s de la soci\u00e9t\u00e9 (ci-apr\u00e8s \u00ab INTERPRESTIGE | IURTY LAB \u00bb) dans leur version [&hellip;]","og_url":"https:\/\/iurty.com\/fr\/cgv\/","og_site_name":"IURTY LAB","article_modified_time":"2026-05-11T10:33:56+00:00","twitter_card":"summary_large_image","twitter_misc":{"Dur\u00e9e de lecture estim\u00e9e":"9 minutes"},"schema":{"@context":"https:\/\/schema.org","@graph":[{"@type":"WebPage","@id":"https:\/\/iurty.com\/fr\/cgv\/","url":"https:\/\/iurty.com\/fr\/cgv\/","name":"CGV - IURTY LAB","isPartOf":{"@id":"https:\/\/iurty.com\/#website"},"datePublished":"2026-05-07T13:56:09+00:00","dateModified":"2026-05-11T10:33:56+00:00","breadcrumb":{"@id":"https:\/\/iurty.com\/fr\/cgv\/#breadcrumb"},"inLanguage":"fr-FR","potentialAction":[{"@type":"ReadAction","target":["https:\/\/iurty.com\/fr\/cgv\/"]}]},{"@type":"BreadcrumbList","@id":"https:\/\/iurty.com\/fr\/cgv\/#breadcrumb","itemListElement":[{"@type":"ListItem","position":1,"name":"Home","item":"https:\/\/iurty.com\/fr\/"},{"@type":"ListItem","position":2,"name":"CGV"}]},{"@type":"WebSite","@id":"https:\/\/iurty.com\/#website","url":"https:\/\/iurty.com\/","name":"IURTY LAB","description":"Molecular Skin Science","publisher":{"@id":"https:\/\/iurty.com\/#organization"},"potentialAction":[{"@type":"SearchAction","target":{"@type":"EntryPoint","urlTemplate":"https:\/\/iurty.com\/?s={search_term_string}"},"query-input":{"@type":"PropertyValueSpecification","valueRequired":true,"valueName":"search_term_string"}}],"inLanguage":"fr-FR"},{"@type":"Organization","@id":"https:\/\/iurty.com\/#organization","name":"IURTY LAB","url":"https:\/\/iurty.com\/","logo":{"@type":"ImageObject","inLanguage":"fr-FR","@id":"https:\/\/iurty.com\/#\/schema\/logo\/image\/","url":"https:\/\/iurty.com\/wp-content\/uploads\/2026\/03\/Fichier-1-1.png","contentUrl":"https:\/\/iurty.com\/wp-content\/uploads\/2026\/03\/Fichier-1-1.png","width":692,"height":256,"caption":"IURTY LAB"},"image":{"@id":"https:\/\/iurty.com\/#\/schema\/logo\/image\/"},"sameAs":["https:\/\/www.instagram.com\/iurty_lab\/"]}]}},"jetpack_sharing_enabled":true,"_links":{"self":[{"href":"https:\/\/iurty.com\/fr\/wp-json\/wp\/v2\/pages\/1540","targetHints":{"allow":["GET"]}}],"collection":[{"href":"https:\/\/iurty.com\/fr\/wp-json\/wp\/v2\/pages"}],"about":[{"href":"https:\/\/iurty.com\/fr\/wp-json\/wp\/v2\/types\/page"}],"author":[{"embeddable":true,"href":"https:\/\/iurty.com\/fr\/wp-json\/wp\/v2\/users\/2"}],"replies":[{"embeddable":true,"href":"https:\/\/iurty.com\/fr\/wp-json\/wp\/v2\/comments?post=1540"}],"version-history":[{"count":4,"href":"https:\/\/iurty.com\/fr\/wp-json\/wp\/v2\/pages\/1540\/revisions"}],"predecessor-version":[{"id":1595,"href":"https:\/\/iurty.com\/fr\/wp-json\/wp\/v2\/pages\/1540\/revisions\/1595"}],"wp:attachment":[{"href":"https:\/\/iurty.com\/fr\/wp-json\/wp\/v2\/media?parent=1540"}],"curies":[{"name":"wp","href":"https:\/\/api.w.org\/{rel}","templated":true}]}}