{"id":1542,"date":"2026-05-07T13:59:14","date_gmt":"2026-05-07T13:59:14","guid":{"rendered":"https:\/\/iurty.com\/?page_id=1542"},"modified":"2026-05-11T10:32:25","modified_gmt":"2026-05-11T10:32:25","slug":"mentions-legales","status":"publish","type":"page","link":"https:\/\/iurty.com\/fr\/mentions-legales\/","title":{"rendered":"Mentions L\u00e9gales"},"content":{"rendered":"\n<div style=\"height:100px\" aria-hidden=\"true\" class=\"wp-block-spacer\"><\/div>\n\n\n\n<h2 class=\"wp-block-heading\">Mentions L\u00e9gales<\/h2>\n\n\n\n<p>Le site\u00a0<strong><a href=\"https:\/\/iurty.com\/\" data-type=\"link\" data-id=\"https:\/\/iurty.com\/\">iurty.com<\/a><\/strong>\u00a0est \u00e9dit\u00e9 et exploit\u00e9 par la soci\u00e9t\u00e9 INTERPRESTIGE au capital social de 200 000\u20ac dont le si\u00e8ge social est situ\u00e9 au 10 Place Vend\u00f4me, 75001 Paris \u2013 FRANCE, immatricul\u00e9e au registre du Commerce et des Soci\u00e9t\u00e9s de Paris sous le num\u00e9ro 387 635 790 RCS.<br>Contact : Notre service de relation client est joignable le <a href=\"https:\/\/iurty.com\/fr\/contact\/\" data-type=\"page\" data-id=\"1502\">formulaire de contact<\/a>, par t\u00e9l\u00e9phone ou par courrier \u00e0 l\u2019adresse : 10 Place Vend\u00f4me, 75001 Paris \u2013 FRANCE.<br>Repr\u00e9sentant l\u00e9gal : Christian BRETON<br>R\u00e9alisation du site :\u00a0<a href=\"https:\/\/www.gazellecommunication.fr\/\" target=\"_blank\" rel=\"noreferrer noopener\">Gazelle Communication<\/a><\/p>\n\n\n\n<p>N\u00b0 de TVA intracommunautaire : FR87387635790<\/p>\n\n\n\n<p>\u00a9 INTERPRESTIGE : Tous droits de reproduction, de traduction et d\u2019adaptation r\u00e9serv\u00e9s pour tous pays. La loi du 11 mars 1957 interdit les copies ou reproduction destin\u00e9es \u00e0 une utilisation autre que celles r\u00e9serv\u00e9es \u00e0 l\u2019usage du copiste, toute reproduction int\u00e9grale ou partielle faite par quelque proc\u00e9d\u00e9 que ce soit, sans le consentement de l\u2019auteur ou de ses ayants cause est illicite et constitue une contrefa\u00e7on sanctionn\u00e9e par les articles 425 et suivants du code p\u00e9nal.<\/p>\n\n\n\n<h4 class=\"wp-block-heading\"><strong>DONN\u00c9ES \u00c0 CARACT\u00c8RE PERSONNEL \u2013 POLITIQUE DE CONFIDENTIALIT\u00c9<\/strong><\/h4>\n\n\n\n<p>Les informations recueillies vous concernant font l\u2019objet d\u2019un traitement destin\u00e9 \u00e0 la Soci\u00e9t\u00e9 INTERPRESTIGE dont le si\u00e8ge social est situ\u00e9 : 10 Place Vend\u00f4me, 75001 Paris \u2013 FRANCE. La Soci\u00e9t\u00e9 INTERPRESTIGE est l\u2019unique destinataire des informations recueillies, lesquelles seront conserv\u00e9es durant le temps de l\u2019activit\u00e9 de notre Soci\u00e9t\u00e9. Conform\u00e9ment \u00e0 l\u2019article 13 du R\u00e8glement Europ\u00e9en relatif au traitement des donn\u00e9es personnelles du 27 avril 2016, vous disposez du droit de retirer votre consentement \u00e0 tout moment d\u2019un droit d\u2019acc\u00e8s \u00e0 vos donn\u00e9es personnelles, d\u2019un droit de rectification dans le cas o\u00f9 ces donn\u00e9es seraient inexactes ou incompl\u00e8tes, ainsi qu\u2019un droit de portabilit\u00e9 de vos donn\u00e9es.<\/p>\n\n\n\n<p>Vous b\u00e9n\u00e9ficiez du droit d\u2019obtenir l\u2019effacement de ts donn\u00e9es, dans les meilleurs d\u00e9lais, sous r\u00e9serve de justifier de l\u2019un des motifs suivants :<\/p>\n\n\n\n<p>Les donn\u00e9es \u00e0 caract\u00e8re personnel ne sont plus n\u00e9cessaires au regard des finalit\u00e9s pour lesquelles elles ont \u00e9t\u00e9 collect\u00e9es ou si elles sont trait\u00e9es d\u2019une autre mani\u00e8re. Suite \u00e0 l\u2019utilisation de ton droit au retrait de ton consentement et s\u2019il n\u2019existe pas d\u2019autre fondement juridique au traitement. Suite \u00e0 l\u2019utilisation de ton droit d\u2019opposition et il n\u2019existe pas de motif l\u00e9gitime imp\u00e9rieux de conserver le traitement. Suite \u00e0 un traitement illicite de tes donn\u00e9es. En vertu d\u2019une disposition du droit de l\u2019Union ou du droit fran\u00e7ais.<\/p>\n\n\n\n<p>De m\u00eame, vous b\u00e9n\u00e9ficiez du droit d\u2019obtenir une limitation du traitement dans les conditions suivantes :<\/p>\n\n\n\n<p>Si vous contestez l\u2019exactitude des donn\u00e9es recueillies et pendant une dur\u00e9e permettant \u00e0 notre Soci\u00e9t\u00e9 de v\u00e9rifier l\u2019exactitude desdites donn\u00e9es. En cas de traitement illicite des donn\u00e9es et si vous vous opposez \u00e0 leur effacement et exige \u00e0 la place la limitation de leur utilisation. Si notre Soci\u00e9t\u00e9 n\u2019a plus besoin des donn\u00e9es aux fins du traitement mais que celles-ci vous sont n\u00e9cessaires pour la constatation, l\u2019exercice ou la d\u00e9fense de droits en justice. Si vous vous opposez au traitement pendant la v\u00e9rification portant sur le point de savoir si les motifs l\u00e9gitimes poursuivis par notre Soci\u00e9t\u00e9 pr\u00e9valent sur les tiens.<\/p>\n\n\n\n<p>Enfin, vous pouvez vous opposer au traitement des donn\u00e9es vous concernant pour des raisons tenant \u00e0 votre situation particuli\u00e8re. Dans ce cas, notre Soci\u00e9t\u00e9 ne traitera plus vos donn\u00e9es \u00e0 moins qu\u2019elle ne d\u00e9montre qu\u2019il existe des motifs l\u00e9gitimes et imp\u00e9rieux pour le traitement qui pr\u00e9valent sur vos int\u00e9r\u00eats, droits et libert\u00e9s ou pour la constatation, l\u2019exercice ou la d\u00e9fense de droits en justice.<\/p>\n\n\n\n<p>Dans tous les cas, votre demande doit \u00eatre adress\u00e9e \u00e0 notre Soci\u00e9t\u00e9 par courrier adress\u00e9 \u00e0 :<\/p>\n\n\n\n<p>INTERPRESTIGE<br>10 Place Vend\u00f4me, 75001 Paris \u2013 FRANCE<br>Ou par le <a href=\"https:\/\/iurty.com\/fr\/contact\/\" data-type=\"page\" data-id=\"1502\">formulaire de contact<\/a><br>Vous avez la possibilit\u00e9 d\u2019introduire une r\u00e9clamation aupr\u00e8s d\u2019une autorit\u00e9 de contr\u00f4le.<\/p>\n\n\n\n<h4 class=\"wp-block-heading\"><strong>COOKIES<\/strong><\/h4>\n\n\n\n<p>Pour assurer le bon fonctionnement de ce site, nous devons parfois enregistrer de petits fichiers de donn\u00e9es sur l\u2019\u00e9quipement de nos utilisateurs. La plupart des sites web font de m\u00eame.<\/p>\n\n\n\n<p>Un cookie est un petit fichier texte que les sites web sauvegardent sur votre ordinateur ou appareil mobile lorsque vous les consultez. Il permet \u00e0 ces sites de m\u00e9moriser vos actions et pr\u00e9f\u00e9rences (nom d\u2019utilisateur, langue, taille des caract\u00e8res et autres param\u00e8tres d\u2019affichage) pendant un temps donn\u00e9, pour que vous n\u2019ayez pas \u00e0 indiquer ces informations \u00e0 chaque fois vous consultez ces sites ou navigues d\u2019une page \u00e0 une autre.<\/p>\n\n\n\n<h4 class=\"wp-block-heading\"><strong>COMMENT UTILISONS-NOUS LES COOKIES ?<\/strong><\/h4>\n\n\n\n<p>Notre site utilise des cookies essentiels au bon fonctionnement de celui-ci. Ceux-ci nous permettent d\u2019am\u00e9liorer ta navigation. Ces cookies peuvent servir par exemple \u00e0 (liste non exhaustive) : enregistrer vos pr\u00e9f\u00e9rences relatives aux cookies \u00e0 autoriser, enregistrer la langue de votre choix afin d\u2019afficher les contenus ad\u00e9quats, laisser votre compte utilisateur connect\u00e9 pour faciliter votre navigation lors de votre prochaine visite\u2026<\/p>\n\n\n\n<p>En plus de cela, des cookies enti\u00e8rement optionnels dont vous serez inform\u00e9 (et que tu as le choix d\u2019accepter ou de refuser, au cas par cas) nous permettent de collecter des donn\u00e9es de navigation anonymes. Ces cookies nous permettent de mesurer l\u2019audience de notre site web, les consultations et les \u00e9ventuelles erreurs afin d\u2019am\u00e9liorer constamment l\u2019exp\u00e9rience des utilisateurs. Les informations contenues dans ces cookies ne visent pas \u00e0 vous identifier personnellement et nous en contr\u00f4lons pleinement les donn\u00e9es. Ces cookies ne sont jamais utilis\u00e9s \u00e0 d\u2019autres fins que celles indiqu\u00e9es ici.<\/p>\n\n\n\n<h4 class=\"wp-block-heading\"><strong>COMMENT CONTR\u00d4LER LES COOKIES ?<\/strong><\/h4>\n\n\n\n<p>Vous pouvez contr\u00f4ler et\/ou supprimer des cookies comme vous le souhaitez.&nbsp;<\/p>\n\n\n\n<p>Vous avez la possibilit\u00e9 de supprimer tous les cookies d\u00e9j\u00e0 stock\u00e9s sur votre ordinateur et de configurer la plupart des navigateurs pour qu\u2019ils les bloquent. Toutefois, dans ce cas, vous devrez peut-\u00eatre indiquer vous-m\u00eame certaines pr\u00e9f\u00e9rences chaque fois que vous vous rendrez sur un site, et certains services et fonctionnalit\u00e9s risquent de ne pas \u00eatre accessibles.<\/p>\n\n\n\n<p>De plus, notre site est \u00e9quip\u00e9 d\u2019un\u00a0panneau de gestion des cookies\u00a0int\u00e9gr\u00e9. Celui-ci te permet de d\u00e9finir librement vos pr\u00e9f\u00e9rences quant aux cookies utilis\u00e9s sur notre site (accepter tous les cookies, refuser tous les cookies non-essentiels, choisir au cas par cas les cookies \u00e0 accepter\/refuser).<\/p>\n\n\n\n<p>Pour acc\u00e9der au panneau de gestion des cookies vous pouvez :<\/p>\n\n\n\n<ul class=\"wp-block-list\">\n<li>Ouvrir le panneau directement (clic sur ce texte)<\/li>\n\n\n\n<li>Ajouter \u201c#cookies\u201d \u00e0 la fin de n\u2019importe quelle URL (adresse web) du site actuel<\/li>\n\n\n\n<li>Cliquer sur le bouton \u201cPersonnaliser\u201d pr\u00e9sent sur le bandeau de cookies pr\u00e9sent en bas de l\u2019\u00e9cran avant d\u2019avoir recueilli vos pr\u00e9f\u00e9rences quant aux cookies \u00e0 utiliser<\/li>\n<\/ul>\n\n\n\n<p>Si le bandeau de cookies n\u2019est pas pr\u00e9sent actuellement en bas de page, cela signifie que vous avez d\u00e9j\u00e0 interagit avec celui-ci et g\u00e9r\u00e9 vos pr\u00e9f\u00e9rences. L\u2019outil reste cependant accessible \u00e0 tout moment en suivant les instructions ci-dessus.<\/p>\n","protected":false},"excerpt":{"rendered":"<p>Mentions L\u00e9gales Le site\u00a0iurty.com\u00a0est \u00e9dit\u00e9 et exploit\u00e9 par la soci\u00e9t\u00e9 INTERPRESTIGE au capital social de 200 000\u20ac dont le si\u00e8ge social est situ\u00e9 au 10 Place Vend\u00f4me, 75001 Paris \u2013 FRANCE, immatricul\u00e9e au registre du Commerce et des Soci\u00e9t\u00e9s de Paris sous le num\u00e9ro 387 635 790 RCS.Contact : Notre service de relation client est [&hellip;]<\/p>\n","protected":false},"author":2,"featured_media":0,"parent":0,"menu_order":0,"comment_status":"closed","ping_status":"closed","template":"page-no-title","meta":{"footnotes":""},"class_list":["post-1542","page","type-page","status-publish","hentry"],"yoast_head":"<!-- This site is optimized with the Yoast SEO plugin v27.6 - https:\/\/yoast.com\/product\/yoast-seo-wordpress\/ -->\n<title>Mentions L\u00e9gales - IURTY LAB<\/title>\n<meta name=\"robots\" content=\"index, follow, max-snippet:-1, max-image-preview:large, max-video-preview:-1\" \/>\n<link rel=\"canonical\" href=\"https:\/\/iurty.com\/fr\/mentions-legales\/\" \/>\n<meta property=\"og:locale\" content=\"fr_FR\" \/>\n<meta property=\"og:type\" content=\"article\" \/>\n<meta property=\"og:title\" content=\"Mentions L\u00e9gales - IURTY LAB\" \/>\n<meta property=\"og:description\" content=\"Mentions L\u00e9gales Le site\u00a0iurty.com\u00a0est \u00e9dit\u00e9 et exploit\u00e9 par la soci\u00e9t\u00e9 INTERPRESTIGE au capital social de 200 000\u20ac dont le si\u00e8ge social est situ\u00e9 au 10 Place Vend\u00f4me, 75001 Paris \u2013 FRANCE, immatricul\u00e9e au registre du Commerce et des Soci\u00e9t\u00e9s de Paris sous le num\u00e9ro 387 635 790 RCS.Contact : Notre service de relation client est [&hellip;]\" \/>\n<meta property=\"og:url\" content=\"https:\/\/iurty.com\/fr\/mentions-legales\/\" \/>\n<meta property=\"og:site_name\" content=\"IURTY LAB\" \/>\n<meta property=\"article:modified_time\" content=\"2026-05-11T10:32:25+00:00\" \/>\n<meta name=\"twitter:card\" content=\"summary_large_image\" \/>\n<meta name=\"twitter:label1\" content=\"Dur\u00e9e de lecture estim\u00e9e\" \/>\n\t<meta name=\"twitter:data1\" content=\"6 minutes\" \/>\n<script type=\"application\/ld+json\" class=\"yoast-schema-graph\">{\"@context\":\"https:\\\/\\\/schema.org\",\"@graph\":[{\"@type\":\"WebPage\",\"@id\":\"https:\\\/\\\/iurty.com\\\/fr\\\/mentions-legales\\\/\",\"url\":\"https:\\\/\\\/iurty.com\\\/fr\\\/mentions-legales\\\/\",\"name\":\"Mentions L\u00e9gales - IURTY LAB\",\"isPartOf\":{\"@id\":\"https:\\\/\\\/iurty.com\\\/#website\"},\"datePublished\":\"2026-05-07T13:59:14+00:00\",\"dateModified\":\"2026-05-11T10:32:25+00:00\",\"breadcrumb\":{\"@id\":\"https:\\\/\\\/iurty.com\\\/fr\\\/mentions-legales\\\/#breadcrumb\"},\"inLanguage\":\"fr-FR\",\"potentialAction\":[{\"@type\":\"ReadAction\",\"target\":[\"https:\\\/\\\/iurty.com\\\/fr\\\/mentions-legales\\\/\"]}]},{\"@type\":\"BreadcrumbList\",\"@id\":\"https:\\\/\\\/iurty.com\\\/fr\\\/mentions-legales\\\/#breadcrumb\",\"itemListElement\":[{\"@type\":\"ListItem\",\"position\":1,\"name\":\"Home\",\"item\":\"https:\\\/\\\/iurty.com\\\/fr\\\/\"},{\"@type\":\"ListItem\",\"position\":2,\"name\":\"Mentions L\u00e9gales\"}]},{\"@type\":\"WebSite\",\"@id\":\"https:\\\/\\\/iurty.com\\\/#website\",\"url\":\"https:\\\/\\\/iurty.com\\\/\",\"name\":\"IURTY LAB\",\"description\":\"Molecular Skin Science\",\"publisher\":{\"@id\":\"https:\\\/\\\/iurty.com\\\/#organization\"},\"potentialAction\":[{\"@type\":\"SearchAction\",\"target\":{\"@type\":\"EntryPoint\",\"urlTemplate\":\"https:\\\/\\\/iurty.com\\\/?s={search_term_string}\"},\"query-input\":{\"@type\":\"PropertyValueSpecification\",\"valueRequired\":true,\"valueName\":\"search_term_string\"}}],\"inLanguage\":\"fr-FR\"},{\"@type\":\"Organization\",\"@id\":\"https:\\\/\\\/iurty.com\\\/#organization\",\"name\":\"IURTY LAB\",\"url\":\"https:\\\/\\\/iurty.com\\\/\",\"logo\":{\"@type\":\"ImageObject\",\"inLanguage\":\"fr-FR\",\"@id\":\"https:\\\/\\\/iurty.com\\\/#\\\/schema\\\/logo\\\/image\\\/\",\"url\":\"https:\\\/\\\/iurty.com\\\/wp-content\\\/uploads\\\/2026\\\/03\\\/Fichier-1-1.png\",\"contentUrl\":\"https:\\\/\\\/iurty.com\\\/wp-content\\\/uploads\\\/2026\\\/03\\\/Fichier-1-1.png\",\"width\":692,\"height\":256,\"caption\":\"IURTY LAB\"},\"image\":{\"@id\":\"https:\\\/\\\/iurty.com\\\/#\\\/schema\\\/logo\\\/image\\\/\"},\"sameAs\":[\"https:\\\/\\\/www.instagram.com\\\/iurty_lab\\\/\"]}]}<\/script>\n<!-- \/ Yoast SEO plugin. -->","yoast_head_json":{"title":"Mentions L\u00e9gales - IURTY LAB","robots":{"index":"index","follow":"follow","max-snippet":"max-snippet:-1","max-image-preview":"max-image-preview:large","max-video-preview":"max-video-preview:-1"},"canonical":"https:\/\/iurty.com\/fr\/mentions-legales\/","og_locale":"fr_FR","og_type":"article","og_title":"Mentions L\u00e9gales - IURTY LAB","og_description":"Mentions L\u00e9gales Le site\u00a0iurty.com\u00a0est \u00e9dit\u00e9 et exploit\u00e9 par la soci\u00e9t\u00e9 INTERPRESTIGE au capital social de 200 000\u20ac dont le si\u00e8ge social est situ\u00e9 au 10 Place Vend\u00f4me, 75001 Paris \u2013 FRANCE, immatricul\u00e9e au registre du Commerce et des Soci\u00e9t\u00e9s de Paris sous le num\u00e9ro 387 635 790 RCS.Contact : Notre service de relation client est [&hellip;]","og_url":"https:\/\/iurty.com\/fr\/mentions-legales\/","og_site_name":"IURTY LAB","article_modified_time":"2026-05-11T10:32:25+00:00","twitter_card":"summary_large_image","twitter_misc":{"Dur\u00e9e de lecture estim\u00e9e":"6 minutes"},"schema":{"@context":"https:\/\/schema.org","@graph":[{"@type":"WebPage","@id":"https:\/\/iurty.com\/fr\/mentions-legales\/","url":"https:\/\/iurty.com\/fr\/mentions-legales\/","name":"Mentions L\u00e9gales - IURTY LAB","isPartOf":{"@id":"https:\/\/iurty.com\/#website"},"datePublished":"2026-05-07T13:59:14+00:00","dateModified":"2026-05-11T10:32:25+00:00","breadcrumb":{"@id":"https:\/\/iurty.com\/fr\/mentions-legales\/#breadcrumb"},"inLanguage":"fr-FR","potentialAction":[{"@type":"ReadAction","target":["https:\/\/iurty.com\/fr\/mentions-legales\/"]}]},{"@type":"BreadcrumbList","@id":"https:\/\/iurty.com\/fr\/mentions-legales\/#breadcrumb","itemListElement":[{"@type":"ListItem","position":1,"name":"Home","item":"https:\/\/iurty.com\/fr\/"},{"@type":"ListItem","position":2,"name":"Mentions L\u00e9gales"}]},{"@type":"WebSite","@id":"https:\/\/iurty.com\/#website","url":"https:\/\/iurty.com\/","name":"IURTY LAB","description":"Molecular Skin Science","publisher":{"@id":"https:\/\/iurty.com\/#organization"},"potentialAction":[{"@type":"SearchAction","target":{"@type":"EntryPoint","urlTemplate":"https:\/\/iurty.com\/?s={search_term_string}"},"query-input":{"@type":"PropertyValueSpecification","valueRequired":true,"valueName":"search_term_string"}}],"inLanguage":"fr-FR"},{"@type":"Organization","@id":"https:\/\/iurty.com\/#organization","name":"IURTY LAB","url":"https:\/\/iurty.com\/","logo":{"@type":"ImageObject","inLanguage":"fr-FR","@id":"https:\/\/iurty.com\/#\/schema\/logo\/image\/","url":"https:\/\/iurty.com\/wp-content\/uploads\/2026\/03\/Fichier-1-1.png","contentUrl":"https:\/\/iurty.com\/wp-content\/uploads\/2026\/03\/Fichier-1-1.png","width":692,"height":256,"caption":"IURTY LAB"},"image":{"@id":"https:\/\/iurty.com\/#\/schema\/logo\/image\/"},"sameAs":["https:\/\/www.instagram.com\/iurty_lab\/"]}]}},"jetpack_sharing_enabled":true,"_links":{"self":[{"href":"https:\/\/iurty.com\/fr\/wp-json\/wp\/v2\/pages\/1542","targetHints":{"allow":["GET"]}}],"collection":[{"href":"https:\/\/iurty.com\/fr\/wp-json\/wp\/v2\/pages"}],"about":[{"href":"https:\/\/iurty.com\/fr\/wp-json\/wp\/v2\/types\/page"}],"author":[{"embeddable":true,"href":"https:\/\/iurty.com\/fr\/wp-json\/wp\/v2\/users\/2"}],"replies":[{"embeddable":true,"href":"https:\/\/iurty.com\/fr\/wp-json\/wp\/v2\/comments?post=1542"}],"version-history":[{"count":3,"href":"https:\/\/iurty.com\/fr\/wp-json\/wp\/v2\/pages\/1542\/revisions"}],"predecessor-version":[{"id":1594,"href":"https:\/\/iurty.com\/fr\/wp-json\/wp\/v2\/pages\/1542\/revisions\/1594"}],"wp:attachment":[{"href":"https:\/\/iurty.com\/fr\/wp-json\/wp\/v2\/media?parent=1542"}],"curies":[{"name":"wp","href":"https:\/\/api.w.org\/{rel}","templated":true}]}}