{"id":1306,"date":"2026-03-24T09:18:19","date_gmt":"2026-03-24T09:18:19","guid":{"rendered":"https:\/\/iurty.com\/product\/le-serum-peptidique-iconique\/"},"modified":"2026-05-13T10:13:36","modified_gmt":"2026-05-13T10:13:36","slug":"le-serum-iconique-peptide","status":"publish","type":"product","link":"https:\/\/iurty.com\/fr\/produit\/le-serum-iconique-peptide\/","title":{"rendered":"Le S\u00e9rum Iconique &#8211; Peptide"},"content":{"rendered":"<section class=\"text-token-text-primary w-full focus:outline-none [--shadow-height:45px] has-data-writing-block:pointer-events-none has-data-writing-block:-mt-(--shadow-height) has-data-writing-block:pt-(--shadow-height) [&amp;:has([data-writing-block])&gt;*]:pointer-events-auto [content-visibility:auto] supports-[content-visibility:auto]:[contain-intrinsic-size:auto_100lvh] R6Vx5W_threadScrollVars scroll-mb-[calc(var(--scroll-root-safe-area-inset-bottom,0px)+var(--thread-response-height))] scroll-mt-[calc(var(--header-height)+min(200px,max(70px,20svh)))]\" dir=\"auto\" data-turn-id=\"request-69faee45-7258-832b-9d19-9f4c370ec325-24\" data-testid=\"conversation-turn-142\" data-scroll-anchor=\"false\" data-turn=\"assistant\">\n<div class=\"text-base my-auto mx-auto pb-10 [--thread-content-margin:var(--thread-content-margin-xs,calc(var(--spacing)*4))] @w-sm\/main:[--thread-content-margin:var(--thread-content-margin-sm,calc(var(--spacing)*6))] @w-lg\/main:[--thread-content-margin:var(--thread-content-margin-lg,calc(var(--spacing)*16))] px-(--thread-content-margin)\">\n<div class=\"[--thread-content-max-width:40rem] @w-lg\/main:[--thread-content-max-width:48rem] mx-auto max-w-(--thread-content-max-width) flex-1 group\/turn-messages focus-visible:outline-hidden relative flex w-full min-w-0 flex-col agent-turn\">\n<div class=\"flex max-w-full flex-col gap-4 grow\">\n<div class=\"min-h-8 text-message relative flex w-full flex-col items-end gap-2 text-start break-words whitespace-normal outline-none keyboard-focused:focus-ring [.text-message+&amp;]:mt-1\" dir=\"auto\" tabindex=\"0\" data-message-author-role=\"assistant\" data-message-id=\"5b93a5aa-b35c-4309-bbfb-d029163fc0cf\" data-message-model-slug=\"gpt-5-5\" data-turn-start-message=\"true\">\n<div class=\"flex w-full flex-col gap-1 empty:hidden\">\n<div class=\"markdown prose dark:prose-invert wrap-break-word w-full light markdown-new-styling\">\n<section class=\"text-token-text-primary w-full focus:outline-none [--shadow-height:45px] has-data-writing-block:pointer-events-none has-data-writing-block:-mt-(--shadow-height) has-data-writing-block:pt-(--shadow-height) [&amp;:has([data-writing-block])&gt;*]:pointer-events-auto [content-visibility:auto] supports-[content-visibility:auto]:[contain-intrinsic-size:auto_100lvh] R6Vx5W_threadScrollVars scroll-mb-[calc(var(--scroll-root-safe-area-inset-bottom,0px)+var(--thread-response-height))] scroll-mt-[calc(var(--header-height)+min(200px,max(70px,20svh)))]\" dir=\"auto\" data-turn-id=\"request-69faee45-7258-832b-9d19-9f4c370ec325-38\" data-testid=\"conversation-turn-170\" data-scroll-anchor=\"false\" data-turn=\"assistant\">\n<div class=\"text-base my-auto mx-auto pb-10 [--thread-content-margin:var(--thread-content-margin-xs,calc(var(--spacing)*4))] @w-sm\/main:[--thread-content-margin:var(--thread-content-margin-sm,calc(var(--spacing)*6))] @w-lg\/main:[--thread-content-margin:var(--thread-content-margin-lg,calc(var(--spacing)*16))] px-(--thread-content-margin)\">\n<div class=\"[--thread-content-max-width:40rem] @w-lg\/main:[--thread-content-max-width:48rem] mx-auto max-w-(--thread-content-max-width) flex-1 group\/turn-messages focus-visible:outline-hidden relative flex w-full min-w-0 flex-col agent-turn\">\n<div class=\"flex max-w-full flex-col gap-4 grow\">\n<div class=\"min-h-8 text-message relative flex w-full flex-col items-end gap-2 text-start break-words whitespace-normal outline-none keyboard-focused:focus-ring [.text-message+&amp;]:mt-1\" dir=\"auto\" tabindex=\"0\" data-message-author-role=\"assistant\" data-message-id=\"806b8458-21c0-43d7-929f-082970cb7903\" data-message-model-slug=\"gpt-5-5\" data-turn-start-message=\"true\">\n<div class=\"flex w-full flex-col gap-1 empty:hidden\">\n<div class=\"markdown prose dark:prose-invert wrap-break-word w-full light markdown-new-styling\">\n<p data-start=\"0\" data-end=\"133\" data-is-last-node=\"\" data-is-only-node=\"\">Ce s\u00e9rum red\u00e9finit la qualit\u00e9 de la peau pour un aspect visiblement plus ferme et plus lisse, r\u00e9v\u00e9lant un teint unifi\u00e9 et revitalis\u00e9.<\/p>\n<\/div>\n<\/div>\n<\/div>\n<\/div>\n<\/div>\n<\/div>\n<\/section>\n<\/div>\n<\/div>\n<\/div>\n<\/div>\n<div class=\"z-0 flex min-h-[46px] justify-start\"><strong>X<sup>3 <\/sup>COMPLEXE MOL\u00c9CULAIRE<br \/>\n<\/strong><strong>Technologie mol\u00e9culaire adaptative <\/strong><\/div>\n<\/div>\n<\/div>\n<\/section>\n<ul>\n<li><strong>EXOSOMES DE CENTELLA ASIATICA<br \/>\n<\/strong>Centella Asiatica Leaf Vesicles, des v\u00e9sicules extracellulaires d\u2019origine v\u00e9g\u00e9tale issues de la Centella Asiatica, contribuent \u00e0 am\u00e9liorer la diffusion des actifs au sein de la peau et \u00e0 soutenir l\u2019\u00e9quilibre cutan\u00e9. La peau para\u00eet plus apais\u00e9e, plus souple et visiblement affin\u00e9e.<\/li>\n<li><strong>ACIDE F\u00c9RULIQUE<br \/>\n<\/strong>L&#8217;acide f\u00e9rulique encapsul\u00e9 aide \u00e0 am\u00e9liorer l&#8217;uniformit\u00e9 du teint tout en favorisant l&#8217;\u00e9clat visible et la qualit\u00e9 globale de la peau. La peau est plus lisse, plus lumineuse et plus uniforme.<\/li>\n<li><strong>PEPTIDE<br \/>\n<\/strong>Ce peptide cibl\u00e9 contribue \u00e0 am\u00e9liorer l\u2019apparence de la fermet\u00e9 cutan\u00e9e et \u00e0 r\u00e9v\u00e9ler des contours visiblement plus d\u00e9finis. La peau para\u00eet plus lisse, plus tonique et visiblement plus affin\u00e9e.<\/li>\n<\/ul>\n","protected":false},"excerpt":{"rendered":"<section class=\"text-token-text-primary w-full focus:outline-none [--shadow-height:45px] has-data-writing-block:pointer-events-none has-data-writing-block:-mt-(--shadow-height) has-data-writing-block:pt-(--shadow-height) [&amp;:has([data-writing-block])&gt;*]:pointer-events-auto [content-visibility:auto] supports-[content-visibility:auto]:[contain-intrinsic-size:auto_100lvh] R6Vx5W_threadScrollVars scroll-mb-[calc(var(--scroll-root-safe-area-inset-bottom,0px)+var(--thread-response-height))] scroll-mt-[calc(var(--header-height)+min(200px,max(70px,20svh)))]\" dir=\"auto\" data-turn-id=\"request-69faee45-7258-832b-9d19-9f4c370ec325-38\" data-testid=\"conversation-turn-170\" data-scroll-anchor=\"false\" data-turn=\"assistant\">\n<div class=\"text-base my-auto mx-auto pb-10 [--thread-content-margin:var(--thread-content-margin-xs,calc(var(--spacing)*4))] @w-sm\/main:[--thread-content-margin:var(--thread-content-margin-sm,calc(var(--spacing)*6))] @w-lg\/main:[--thread-content-margin:var(--thread-content-margin-lg,calc(var(--spacing)*16))] px-(--thread-content-margin)\">\n<div class=\"[--thread-content-max-width:40rem] @w-lg\/main:[--thread-content-max-width:48rem] mx-auto max-w-(--thread-content-max-width) flex-1 group\/turn-messages focus-visible:outline-hidden relative flex w-full min-w-0 flex-col agent-turn\">\n<div class=\"flex max-w-full flex-col gap-4 grow\">\n<div class=\"min-h-8 text-message relative flex w-full flex-col items-end gap-2 text-start break-words whitespace-normal outline-none keyboard-focused:focus-ring [.text-message+&amp;]:mt-1\" dir=\"auto\" tabindex=\"0\" data-message-author-role=\"assistant\" data-message-id=\"806b8458-21c0-43d7-929f-082970cb7903\" data-message-model-slug=\"gpt-5-5\" data-turn-start-message=\"true\">\n<div class=\"flex w-full flex-col gap-1 empty:hidden\">\n<div class=\"markdown prose dark:prose-invert wrap-break-word w-full light markdown-new-styling\">\n<p data-start=\"0\" data-end=\"133\" data-is-last-node=\"\" data-is-only-node=\"\">Ce s\u00e9rum red\u00e9finit la qualit\u00e9 de la peau pour un aspect visiblement plus ferme et plus lisse, r\u00e9v\u00e9lant un teint unifi\u00e9 et revitalis\u00e9.<\/p>\n<\/div>\n<\/div>\n<\/div>\n<\/div>\n<\/div>\n<\/div>\n<\/section>\n","protected":false},"featured_media":1761,"comment_status":"open","ping_status":"closed","template":"","meta":[],"product_brand":[],"product_cat":[78,86],"product_tag":[87],"class_list":{"0":"post-1306","1":"product","2":"type-product","3":"status-publish","4":"has-post-thumbnail","6":"product_cat-non-classe","7":"product_cat-serum","8":"product_tag-30-ml--105-oz-net","10":"first","11":"outofstock","12":"featured","13":"shipping-taxable","14":"purchasable","15":"product-type-simple"},"yoast_head":"<!-- This site is optimized with the Yoast SEO plugin v27.6 - https:\/\/yoast.com\/product\/yoast-seo-wordpress\/ -->\n<title>Le S\u00e9rum Iconique - Peptide - IURTY LAB<\/title>\n<meta name=\"description\" content=\"Ce s\u00e9rum red\u00e9finit la qualit\u00e9 de la peau pour un aspect visiblement plus ferme et plus lisse, r\u00e9v\u00e9lant un teint unifi\u00e9 et revitalis\u00e9.\" \/>\n<meta name=\"robots\" content=\"index, follow, max-snippet:-1, max-image-preview:large, max-video-preview:-1\" \/>\n<link rel=\"canonical\" href=\"https:\/\/iurty.com\/fr\/produit\/le-serum-iconique-peptide\/\" \/>\n<meta property=\"og:locale\" content=\"fr_FR\" \/>\n<meta property=\"og:type\" content=\"article\" \/>\n<meta property=\"og:title\" content=\"Le S\u00e9rum Iconique - Peptide - IURTY LAB\" \/>\n<meta property=\"og:description\" content=\"Ce s\u00e9rum red\u00e9finit la qualit\u00e9 de la peau pour un aspect visiblement plus ferme et plus lisse, r\u00e9v\u00e9lant un teint unifi\u00e9 et revitalis\u00e9.\" \/>\n<meta property=\"og:url\" content=\"https:\/\/iurty.com\/fr\/produit\/le-serum-iconique-peptide\/\" \/>\n<meta property=\"og:site_name\" content=\"IURTY LAB\" \/>\n<meta property=\"article:modified_time\" content=\"2026-05-13T10:13:36+00:00\" \/>\n<meta property=\"og:image\" content=\"https:\/\/iurty.com\/wp-content\/uploads\/2026\/03\/5501-2-1024x1024.png\" \/>\n\t<meta property=\"og:image:width\" content=\"1024\" \/>\n\t<meta property=\"og:image:height\" content=\"1024\" \/>\n\t<meta property=\"og:image:type\" content=\"image\/png\" \/>\n<meta name=\"twitter:card\" content=\"summary_large_image\" \/>\n<meta name=\"twitter:label1\" content=\"Dur\u00e9e de lecture estim\u00e9e\" \/>\n\t<meta name=\"twitter:data1\" content=\"1 minute\" \/>\n<script type=\"application\/ld+json\" class=\"yoast-schema-graph\">{\"@context\":\"https:\\\/\\\/schema.org\",\"@graph\":[{\"@type\":\"WebPage\",\"@id\":\"https:\\\/\\\/iurty.com\\\/fr\\\/produit\\\/le-serum-iconique-peptide\\\/\",\"url\":\"https:\\\/\\\/iurty.com\\\/fr\\\/produit\\\/le-serum-iconique-peptide\\\/\",\"name\":\"Le S\u00e9rum Iconique - Peptide - IURTY LAB\",\"isPartOf\":{\"@id\":\"https:\\\/\\\/iurty.com\\\/#website\"},\"primaryImageOfPage\":{\"@id\":\"https:\\\/\\\/iurty.com\\\/fr\\\/produit\\\/le-serum-iconique-peptide\\\/#primaryimage\"},\"image\":{\"@id\":\"https:\\\/\\\/iurty.com\\\/fr\\\/produit\\\/le-serum-iconique-peptide\\\/#primaryimage\"},\"thumbnailUrl\":\"https:\\\/\\\/iurty.com\\\/wp-content\\\/uploads\\\/2026\\\/03\\\/5501-2.png\",\"datePublished\":\"2026-03-24T09:18:19+00:00\",\"dateModified\":\"2026-05-13T10:13:36+00:00\",\"description\":\"Ce s\u00e9rum red\u00e9finit la qualit\u00e9 de la peau pour un aspect visiblement plus ferme et plus lisse, r\u00e9v\u00e9lant un teint unifi\u00e9 et revitalis\u00e9.\",\"breadcrumb\":{\"@id\":\"https:\\\/\\\/iurty.com\\\/fr\\\/produit\\\/le-serum-iconique-peptide\\\/#breadcrumb\"},\"inLanguage\":\"fr-FR\",\"potentialAction\":[{\"@type\":\"ReadAction\",\"target\":[\"https:\\\/\\\/iurty.com\\\/fr\\\/produit\\\/le-serum-iconique-peptide\\\/\"]}]},{\"@type\":\"ImageObject\",\"inLanguage\":\"fr-FR\",\"@id\":\"https:\\\/\\\/iurty.com\\\/fr\\\/produit\\\/le-serum-iconique-peptide\\\/#primaryimage\",\"url\":\"https:\\\/\\\/iurty.com\\\/wp-content\\\/uploads\\\/2026\\\/03\\\/5501-2.png\",\"contentUrl\":\"https:\\\/\\\/iurty.com\\\/wp-content\\\/uploads\\\/2026\\\/03\\\/5501-2.png\",\"width\":2000,\"height\":2000},{\"@type\":\"BreadcrumbList\",\"@id\":\"https:\\\/\\\/iurty.com\\\/fr\\\/produit\\\/le-serum-iconique-peptide\\\/#breadcrumb\",\"itemListElement\":[{\"@type\":\"ListItem\",\"position\":1,\"name\":\"Home\",\"item\":\"https:\\\/\\\/iurty.com\\\/fr\\\/\"},{\"@type\":\"ListItem\",\"position\":2,\"name\":\"Boutique\",\"item\":\"https:\\\/\\\/iurty.com\\\/fr\\\/accueil\\\/boutique\\\/\"},{\"@type\":\"ListItem\",\"position\":3,\"name\":\"Le S\u00e9rum Iconique &#8211; Peptide\"}]},{\"@type\":\"WebSite\",\"@id\":\"https:\\\/\\\/iurty.com\\\/#website\",\"url\":\"https:\\\/\\\/iurty.com\\\/\",\"name\":\"IURTY LAB\",\"description\":\"Molecular Skin Science\",\"publisher\":{\"@id\":\"https:\\\/\\\/iurty.com\\\/#organization\"},\"potentialAction\":[{\"@type\":\"SearchAction\",\"target\":{\"@type\":\"EntryPoint\",\"urlTemplate\":\"https:\\\/\\\/iurty.com\\\/?s={search_term_string}\"},\"query-input\":{\"@type\":\"PropertyValueSpecification\",\"valueRequired\":true,\"valueName\":\"search_term_string\"}}],\"inLanguage\":\"fr-FR\"},{\"@type\":\"Organization\",\"@id\":\"https:\\\/\\\/iurty.com\\\/#organization\",\"name\":\"IURTY LAB\",\"url\":\"https:\\\/\\\/iurty.com\\\/\",\"logo\":{\"@type\":\"ImageObject\",\"inLanguage\":\"fr-FR\",\"@id\":\"https:\\\/\\\/iurty.com\\\/#\\\/schema\\\/logo\\\/image\\\/\",\"url\":\"https:\\\/\\\/iurty.com\\\/wp-content\\\/uploads\\\/2026\\\/03\\\/Fichier-1-1.png\",\"contentUrl\":\"https:\\\/\\\/iurty.com\\\/wp-content\\\/uploads\\\/2026\\\/03\\\/Fichier-1-1.png\",\"width\":692,\"height\":256,\"caption\":\"IURTY LAB\"},\"image\":{\"@id\":\"https:\\\/\\\/iurty.com\\\/#\\\/schema\\\/logo\\\/image\\\/\"},\"sameAs\":[\"https:\\\/\\\/www.instagram.com\\\/iurty_lab\\\/\"]}]}<\/script>\n<!-- \/ Yoast SEO plugin. -->","yoast_head_json":{"title":"Le S\u00e9rum Iconique - Peptide - IURTY LAB","description":"Ce s\u00e9rum red\u00e9finit la qualit\u00e9 de la peau pour un aspect visiblement plus ferme et plus lisse, r\u00e9v\u00e9lant un teint unifi\u00e9 et revitalis\u00e9.","robots":{"index":"index","follow":"follow","max-snippet":"max-snippet:-1","max-image-preview":"max-image-preview:large","max-video-preview":"max-video-preview:-1"},"canonical":"https:\/\/iurty.com\/fr\/produit\/le-serum-iconique-peptide\/","og_locale":"fr_FR","og_type":"article","og_title":"Le S\u00e9rum Iconique - Peptide - IURTY LAB","og_description":"Ce s\u00e9rum red\u00e9finit la qualit\u00e9 de la peau pour un aspect visiblement plus ferme et plus lisse, r\u00e9v\u00e9lant un teint unifi\u00e9 et revitalis\u00e9.","og_url":"https:\/\/iurty.com\/fr\/produit\/le-serum-iconique-peptide\/","og_site_name":"IURTY LAB","article_modified_time":"2026-05-13T10:13:36+00:00","og_image":[{"width":1024,"height":1024,"url":"https:\/\/iurty.com\/wp-content\/uploads\/2026\/03\/5501-2-1024x1024.png","type":"image\/png"}],"twitter_card":"summary_large_image","twitter_misc":{"Dur\u00e9e de lecture estim\u00e9e":"1 minute"},"schema":{"@context":"https:\/\/schema.org","@graph":[{"@type":"WebPage","@id":"https:\/\/iurty.com\/fr\/produit\/le-serum-iconique-peptide\/","url":"https:\/\/iurty.com\/fr\/produit\/le-serum-iconique-peptide\/","name":"Le S\u00e9rum Iconique - Peptide - IURTY LAB","isPartOf":{"@id":"https:\/\/iurty.com\/#website"},"primaryImageOfPage":{"@id":"https:\/\/iurty.com\/fr\/produit\/le-serum-iconique-peptide\/#primaryimage"},"image":{"@id":"https:\/\/iurty.com\/fr\/produit\/le-serum-iconique-peptide\/#primaryimage"},"thumbnailUrl":"https:\/\/iurty.com\/wp-content\/uploads\/2026\/03\/5501-2.png","datePublished":"2026-03-24T09:18:19+00:00","dateModified":"2026-05-13T10:13:36+00:00","description":"Ce s\u00e9rum red\u00e9finit la qualit\u00e9 de la peau pour un aspect visiblement plus ferme et plus lisse, r\u00e9v\u00e9lant un teint unifi\u00e9 et revitalis\u00e9.","breadcrumb":{"@id":"https:\/\/iurty.com\/fr\/produit\/le-serum-iconique-peptide\/#breadcrumb"},"inLanguage":"fr-FR","potentialAction":[{"@type":"ReadAction","target":["https:\/\/iurty.com\/fr\/produit\/le-serum-iconique-peptide\/"]}]},{"@type":"ImageObject","inLanguage":"fr-FR","@id":"https:\/\/iurty.com\/fr\/produit\/le-serum-iconique-peptide\/#primaryimage","url":"https:\/\/iurty.com\/wp-content\/uploads\/2026\/03\/5501-2.png","contentUrl":"https:\/\/iurty.com\/wp-content\/uploads\/2026\/03\/5501-2.png","width":2000,"height":2000},{"@type":"BreadcrumbList","@id":"https:\/\/iurty.com\/fr\/produit\/le-serum-iconique-peptide\/#breadcrumb","itemListElement":[{"@type":"ListItem","position":1,"name":"Home","item":"https:\/\/iurty.com\/fr\/"},{"@type":"ListItem","position":2,"name":"Boutique","item":"https:\/\/iurty.com\/fr\/accueil\/boutique\/"},{"@type":"ListItem","position":3,"name":"Le S\u00e9rum Iconique &#8211; Peptide"}]},{"@type":"WebSite","@id":"https:\/\/iurty.com\/#website","url":"https:\/\/iurty.com\/","name":"IURTY LAB","description":"Molecular Skin Science","publisher":{"@id":"https:\/\/iurty.com\/#organization"},"potentialAction":[{"@type":"SearchAction","target":{"@type":"EntryPoint","urlTemplate":"https:\/\/iurty.com\/?s={search_term_string}"},"query-input":{"@type":"PropertyValueSpecification","valueRequired":true,"valueName":"search_term_string"}}],"inLanguage":"fr-FR"},{"@type":"Organization","@id":"https:\/\/iurty.com\/#organization","name":"IURTY LAB","url":"https:\/\/iurty.com\/","logo":{"@type":"ImageObject","inLanguage":"fr-FR","@id":"https:\/\/iurty.com\/#\/schema\/logo\/image\/","url":"https:\/\/iurty.com\/wp-content\/uploads\/2026\/03\/Fichier-1-1.png","contentUrl":"https:\/\/iurty.com\/wp-content\/uploads\/2026\/03\/Fichier-1-1.png","width":692,"height":256,"caption":"IURTY LAB"},"image":{"@id":"https:\/\/iurty.com\/#\/schema\/logo\/image\/"},"sameAs":["https:\/\/www.instagram.com\/iurty_lab\/"]}]}},"jetpack_sharing_enabled":true,"_links":{"self":[{"href":"https:\/\/iurty.com\/fr\/wp-json\/wp\/v2\/product\/1306","targetHints":{"allow":["GET"]}}],"collection":[{"href":"https:\/\/iurty.com\/fr\/wp-json\/wp\/v2\/product"}],"about":[{"href":"https:\/\/iurty.com\/fr\/wp-json\/wp\/v2\/types\/product"}],"replies":[{"embeddable":true,"href":"https:\/\/iurty.com\/fr\/wp-json\/wp\/v2\/comments?post=1306"}],"wp:featuredmedia":[{"embeddable":true,"href":"https:\/\/iurty.com\/fr\/wp-json\/wp\/v2\/media\/1761"}],"wp:attachment":[{"href":"https:\/\/iurty.com\/fr\/wp-json\/wp\/v2\/media?parent=1306"}],"wp:term":[{"taxonomy":"product_brand","embeddable":true,"href":"https:\/\/iurty.com\/fr\/wp-json\/wp\/v2\/product_brand?post=1306"},{"taxonomy":"product_cat","embeddable":true,"href":"https:\/\/iurty.com\/fr\/wp-json\/wp\/v2\/product_cat?post=1306"},{"taxonomy":"product_tag","embeddable":true,"href":"https:\/\/iurty.com\/fr\/wp-json\/wp\/v2\/product_tag?post=1306"}],"curies":[{"name":"wp","href":"https:\/\/api.w.org\/{rel}","templated":true}]}}