{"id":1318,"date":"2026-04-22T14:30:36","date_gmt":"2026-04-22T14:30:36","guid":{"rendered":"https:\/\/iurty.com\/product\/masque-de-nuit-cellulaire\/"},"modified":"2026-05-13T10:09:15","modified_gmt":"2026-05-13T10:09:15","slug":"masque-de-nuit-cellulaire","status":"publish","type":"product","link":"https:\/\/iurty.com\/fr\/produit\/masque-de-nuit-cellulaire\/","title":{"rendered":"Masque de Nuit Cellulaire"},"content":{"rendered":"<p><strong>Masque Resurfa\u00e7ant Cellulaire &#8211; Micro-Exfoliation<\/strong><\/p>\n<p>Un masque de nuit cellulaire haute performance con\u00e7u pour favoriser le renouvellement cutan\u00e9 nocturne et affiner le grain de peau. Agissant comme un soin resurfa\u00e7ant doux, il aide \u00e0 acc\u00e9l\u00e9rer l&#8217;apparence du renouvellement \u00e9pidermique tout en maintenant l&#8217;\u00e9quilibre optimal de la peau.<\/p>\n<p>Utilis\u00e9 comme soin intensif de nuit ou comme masque booster, il favorise le renouvellement cellulaire, lisse l&#8217;apparence des irr\u00e9gularit\u00e9s et affine la microtexture cutan\u00e9e.<\/p>\n<p>Le teint para\u00eet plus uniforme, plus clair et visiblement rafra\u00eechi, avec une texture affin\u00e9e et un \u00e9clat renouvel\u00e9.<\/p>\n<p><strong>RESURFA\u00c7AGE \u2013 R\u00c9G\u00c9N\u00c9RATION &#8211; R\u00c9CUP\u00c9RATION<\/strong><\/p>\n<ul>\n<li><strong>PHA (Gluconolactone)<br \/>\n<\/strong>Exfolie d\u00e9licatement la peau tout en favorisant un renouvellement cutan\u00e9 progressif pour am\u00e9liorer l&#8217;apparence de la texture et renforcer la clart\u00e9 visible de la peau.<\/li>\n<li>\n<p data-section-id=\"11ofl6\" data-start=\"213\" data-end=\"236\"><strong>PEPTIDE BIOMIM\u00c9TIQUE<\/strong><br \/>\nInspir\u00e9 des voies de communication naturelles de la peau, ce peptide avanc\u00e9 aide \u00e0 am\u00e9liorer l&#8217;apparence de la fermet\u00e9 tout en favorisant une peau d&#8217;apparence plus lisse et raffin\u00e9e.<\/p>\n<\/li>\n<li>\n<p data-start=\"237\" data-end=\"410\"><strong>Ecto\u00efne<br \/>\n<\/strong>Offre une protection cellulaire avanc\u00e9e et aide \u00e0 maintenir l&#8217;\u00e9quilibre cutan\u00e9, favorisant la r\u00e9cup\u00e9ration et la r\u00e9silience face au stress environnemental.<\/p>\n<\/li>\n<\/ul>\n","protected":false},"excerpt":{"rendered":"<p data-start=\"109\" data-end=\"370\">Un masque exfoliant cellulaire haute performance con\u00e7u pour favoriser le renouvellement cutan\u00e9 et affiner la texture. Il aide \u00e0 lisser l&#8217;apparence des irr\u00e9gularit\u00e9s, am\u00e9liorer la clart\u00e9 de la peau et rehausser l&#8217;\u00e9clat global. La peau para\u00eet plus uniforme, plus claire et visiblement revitalis\u00e9e.<\/p>\n","protected":false},"featured_media":1322,"comment_status":"open","ping_status":"closed","template":"","meta":[],"product_brand":[],"product_cat":[92],"product_tag":[93],"class_list":{"0":"post-1318","1":"product","2":"type-product","3":"status-publish","4":"has-post-thumbnail","6":"product_cat-masque","7":"product_tag-75-ml--25-oz-poids-net","9":"first","10":"outofstock","11":"shipping-taxable","12":"purchasable","13":"product-type-simple"},"yoast_head":"<!-- This site is optimized with the Yoast SEO plugin v27.6 - https:\/\/yoast.com\/product\/yoast-seo-wordpress\/ -->\n<title>Masque de Nuit Cellulaire - IURTY LAB<\/title>\n<meta name=\"description\" content=\"Un masque de nuit haute performance inspir\u00e9 de la science mol\u00e9culaire pour soutenir le renouvellement cutan\u00e9 visible et affiner le grain de peau.\" \/>\n<meta name=\"robots\" content=\"index, follow, max-snippet:-1, max-image-preview:large, max-video-preview:-1\" \/>\n<link rel=\"canonical\" href=\"https:\/\/iurty.com\/fr\/produit\/masque-de-nuit-cellulaire\/\" \/>\n<meta property=\"og:locale\" content=\"fr_FR\" \/>\n<meta property=\"og:type\" content=\"article\" \/>\n<meta property=\"og:title\" content=\"Masque de Nuit Cellulaire - IURTY LAB\" \/>\n<meta property=\"og:description\" content=\"Un masque de nuit haute performance inspir\u00e9 de la science mol\u00e9culaire pour soutenir le renouvellement cutan\u00e9 visible et affiner le grain de peau.\" \/>\n<meta property=\"og:url\" content=\"https:\/\/iurty.com\/fr\/produit\/masque-de-nuit-cellulaire\/\" \/>\n<meta property=\"og:site_name\" content=\"IURTY LAB\" \/>\n<meta property=\"article:modified_time\" content=\"2026-05-13T10:09:15+00:00\" \/>\n<meta property=\"og:image\" content=\"https:\/\/iurty.com\/wp-content\/uploads\/2026\/04\/mask-1.png\" \/>\n\t<meta property=\"og:image:width\" content=\"2000\" \/>\n\t<meta property=\"og:image:height\" content=\"2000\" \/>\n\t<meta property=\"og:image:type\" content=\"image\/png\" \/>\n<meta name=\"twitter:card\" content=\"summary_large_image\" \/>\n<meta name=\"twitter:label1\" content=\"Dur\u00e9e de lecture estim\u00e9e\" \/>\n\t<meta name=\"twitter:data1\" content=\"1 minute\" \/>\n<script type=\"application\/ld+json\" class=\"yoast-schema-graph\">{\"@context\":\"https:\\\/\\\/schema.org\",\"@graph\":[{\"@type\":\"WebPage\",\"@id\":\"https:\\\/\\\/iurty.com\\\/fr\\\/produit\\\/masque-de-nuit-cellulaire\\\/\",\"url\":\"https:\\\/\\\/iurty.com\\\/fr\\\/produit\\\/masque-de-nuit-cellulaire\\\/\",\"name\":\"Masque de Nuit Cellulaire - IURTY LAB\",\"isPartOf\":{\"@id\":\"https:\\\/\\\/iurty.com\\\/#website\"},\"primaryImageOfPage\":{\"@id\":\"https:\\\/\\\/iurty.com\\\/fr\\\/produit\\\/masque-de-nuit-cellulaire\\\/#primaryimage\"},\"image\":{\"@id\":\"https:\\\/\\\/iurty.com\\\/fr\\\/produit\\\/masque-de-nuit-cellulaire\\\/#primaryimage\"},\"thumbnailUrl\":\"https:\\\/\\\/iurty.com\\\/wp-content\\\/uploads\\\/2026\\\/04\\\/mask-1.png\",\"datePublished\":\"2026-04-22T14:30:36+00:00\",\"dateModified\":\"2026-05-13T10:09:15+00:00\",\"description\":\"Un masque de nuit haute performance inspir\u00e9 de la science mol\u00e9culaire pour soutenir le renouvellement cutan\u00e9 visible et affiner le grain de peau.\",\"breadcrumb\":{\"@id\":\"https:\\\/\\\/iurty.com\\\/fr\\\/produit\\\/masque-de-nuit-cellulaire\\\/#breadcrumb\"},\"inLanguage\":\"fr-FR\",\"potentialAction\":[{\"@type\":\"ReadAction\",\"target\":[\"https:\\\/\\\/iurty.com\\\/fr\\\/produit\\\/masque-de-nuit-cellulaire\\\/\"]}]},{\"@type\":\"ImageObject\",\"inLanguage\":\"fr-FR\",\"@id\":\"https:\\\/\\\/iurty.com\\\/fr\\\/produit\\\/masque-de-nuit-cellulaire\\\/#primaryimage\",\"url\":\"https:\\\/\\\/iurty.com\\\/wp-content\\\/uploads\\\/2026\\\/04\\\/mask-1.png\",\"contentUrl\":\"https:\\\/\\\/iurty.com\\\/wp-content\\\/uploads\\\/2026\\\/04\\\/mask-1.png\",\"width\":2000,\"height\":2000},{\"@type\":\"BreadcrumbList\",\"@id\":\"https:\\\/\\\/iurty.com\\\/fr\\\/produit\\\/masque-de-nuit-cellulaire\\\/#breadcrumb\",\"itemListElement\":[{\"@type\":\"ListItem\",\"position\":1,\"name\":\"Home\",\"item\":\"https:\\\/\\\/iurty.com\\\/fr\\\/\"},{\"@type\":\"ListItem\",\"position\":2,\"name\":\"Boutique\",\"item\":\"https:\\\/\\\/iurty.com\\\/fr\\\/accueil\\\/boutique\\\/\"},{\"@type\":\"ListItem\",\"position\":3,\"name\":\"Masque de Nuit Cellulaire\"}]},{\"@type\":\"WebSite\",\"@id\":\"https:\\\/\\\/iurty.com\\\/#website\",\"url\":\"https:\\\/\\\/iurty.com\\\/\",\"name\":\"IURTY LAB\",\"description\":\"Molecular Skin Science\",\"publisher\":{\"@id\":\"https:\\\/\\\/iurty.com\\\/#organization\"},\"potentialAction\":[{\"@type\":\"SearchAction\",\"target\":{\"@type\":\"EntryPoint\",\"urlTemplate\":\"https:\\\/\\\/iurty.com\\\/?s={search_term_string}\"},\"query-input\":{\"@type\":\"PropertyValueSpecification\",\"valueRequired\":true,\"valueName\":\"search_term_string\"}}],\"inLanguage\":\"fr-FR\"},{\"@type\":\"Organization\",\"@id\":\"https:\\\/\\\/iurty.com\\\/#organization\",\"name\":\"IURTY LAB\",\"url\":\"https:\\\/\\\/iurty.com\\\/\",\"logo\":{\"@type\":\"ImageObject\",\"inLanguage\":\"fr-FR\",\"@id\":\"https:\\\/\\\/iurty.com\\\/#\\\/schema\\\/logo\\\/image\\\/\",\"url\":\"https:\\\/\\\/iurty.com\\\/wp-content\\\/uploads\\\/2026\\\/03\\\/Fichier-1-1.png\",\"contentUrl\":\"https:\\\/\\\/iurty.com\\\/wp-content\\\/uploads\\\/2026\\\/03\\\/Fichier-1-1.png\",\"width\":692,\"height\":256,\"caption\":\"IURTY LAB\"},\"image\":{\"@id\":\"https:\\\/\\\/iurty.com\\\/#\\\/schema\\\/logo\\\/image\\\/\"},\"sameAs\":[\"https:\\\/\\\/www.instagram.com\\\/iurty_lab\\\/\"]}]}<\/script>\n<!-- \/ Yoast SEO plugin. -->","yoast_head_json":{"title":"Masque de Nuit Cellulaire - IURTY LAB","description":"Un masque de nuit haute performance inspir\u00e9 de la science mol\u00e9culaire pour soutenir le renouvellement cutan\u00e9 visible et affiner le grain de peau.","robots":{"index":"index","follow":"follow","max-snippet":"max-snippet:-1","max-image-preview":"max-image-preview:large","max-video-preview":"max-video-preview:-1"},"canonical":"https:\/\/iurty.com\/fr\/produit\/masque-de-nuit-cellulaire\/","og_locale":"fr_FR","og_type":"article","og_title":"Masque de Nuit Cellulaire - IURTY LAB","og_description":"Un masque de nuit haute performance inspir\u00e9 de la science mol\u00e9culaire pour soutenir le renouvellement cutan\u00e9 visible et affiner le grain de peau.","og_url":"https:\/\/iurty.com\/fr\/produit\/masque-de-nuit-cellulaire\/","og_site_name":"IURTY LAB","article_modified_time":"2026-05-13T10:09:15+00:00","og_image":[{"width":2000,"height":2000,"url":"https:\/\/iurty.com\/wp-content\/uploads\/2026\/04\/mask-1.png","type":"image\/png"}],"twitter_card":"summary_large_image","twitter_misc":{"Dur\u00e9e de lecture estim\u00e9e":"1 minute"},"schema":{"@context":"https:\/\/schema.org","@graph":[{"@type":"WebPage","@id":"https:\/\/iurty.com\/fr\/produit\/masque-de-nuit-cellulaire\/","url":"https:\/\/iurty.com\/fr\/produit\/masque-de-nuit-cellulaire\/","name":"Masque de Nuit Cellulaire - IURTY LAB","isPartOf":{"@id":"https:\/\/iurty.com\/#website"},"primaryImageOfPage":{"@id":"https:\/\/iurty.com\/fr\/produit\/masque-de-nuit-cellulaire\/#primaryimage"},"image":{"@id":"https:\/\/iurty.com\/fr\/produit\/masque-de-nuit-cellulaire\/#primaryimage"},"thumbnailUrl":"https:\/\/iurty.com\/wp-content\/uploads\/2026\/04\/mask-1.png","datePublished":"2026-04-22T14:30:36+00:00","dateModified":"2026-05-13T10:09:15+00:00","description":"Un masque de nuit haute performance inspir\u00e9 de la science mol\u00e9culaire pour soutenir le renouvellement cutan\u00e9 visible et affiner le grain de peau.","breadcrumb":{"@id":"https:\/\/iurty.com\/fr\/produit\/masque-de-nuit-cellulaire\/#breadcrumb"},"inLanguage":"fr-FR","potentialAction":[{"@type":"ReadAction","target":["https:\/\/iurty.com\/fr\/produit\/masque-de-nuit-cellulaire\/"]}]},{"@type":"ImageObject","inLanguage":"fr-FR","@id":"https:\/\/iurty.com\/fr\/produit\/masque-de-nuit-cellulaire\/#primaryimage","url":"https:\/\/iurty.com\/wp-content\/uploads\/2026\/04\/mask-1.png","contentUrl":"https:\/\/iurty.com\/wp-content\/uploads\/2026\/04\/mask-1.png","width":2000,"height":2000},{"@type":"BreadcrumbList","@id":"https:\/\/iurty.com\/fr\/produit\/masque-de-nuit-cellulaire\/#breadcrumb","itemListElement":[{"@type":"ListItem","position":1,"name":"Home","item":"https:\/\/iurty.com\/fr\/"},{"@type":"ListItem","position":2,"name":"Boutique","item":"https:\/\/iurty.com\/fr\/accueil\/boutique\/"},{"@type":"ListItem","position":3,"name":"Masque de Nuit Cellulaire"}]},{"@type":"WebSite","@id":"https:\/\/iurty.com\/#website","url":"https:\/\/iurty.com\/","name":"IURTY LAB","description":"Molecular Skin Science","publisher":{"@id":"https:\/\/iurty.com\/#organization"},"potentialAction":[{"@type":"SearchAction","target":{"@type":"EntryPoint","urlTemplate":"https:\/\/iurty.com\/?s={search_term_string}"},"query-input":{"@type":"PropertyValueSpecification","valueRequired":true,"valueName":"search_term_string"}}],"inLanguage":"fr-FR"},{"@type":"Organization","@id":"https:\/\/iurty.com\/#organization","name":"IURTY LAB","url":"https:\/\/iurty.com\/","logo":{"@type":"ImageObject","inLanguage":"fr-FR","@id":"https:\/\/iurty.com\/#\/schema\/logo\/image\/","url":"https:\/\/iurty.com\/wp-content\/uploads\/2026\/03\/Fichier-1-1.png","contentUrl":"https:\/\/iurty.com\/wp-content\/uploads\/2026\/03\/Fichier-1-1.png","width":692,"height":256,"caption":"IURTY LAB"},"image":{"@id":"https:\/\/iurty.com\/#\/schema\/logo\/image\/"},"sameAs":["https:\/\/www.instagram.com\/iurty_lab\/"]}]}},"jetpack_sharing_enabled":true,"_links":{"self":[{"href":"https:\/\/iurty.com\/fr\/wp-json\/wp\/v2\/product\/1318","targetHints":{"allow":["GET"]}}],"collection":[{"href":"https:\/\/iurty.com\/fr\/wp-json\/wp\/v2\/product"}],"about":[{"href":"https:\/\/iurty.com\/fr\/wp-json\/wp\/v2\/types\/product"}],"replies":[{"embeddable":true,"href":"https:\/\/iurty.com\/fr\/wp-json\/wp\/v2\/comments?post=1318"}],"wp:featuredmedia":[{"embeddable":true,"href":"https:\/\/iurty.com\/fr\/wp-json\/wp\/v2\/media\/1322"}],"wp:attachment":[{"href":"https:\/\/iurty.com\/fr\/wp-json\/wp\/v2\/media?parent=1318"}],"wp:term":[{"taxonomy":"product_brand","embeddable":true,"href":"https:\/\/iurty.com\/fr\/wp-json\/wp\/v2\/product_brand?post=1318"},{"taxonomy":"product_cat","embeddable":true,"href":"https:\/\/iurty.com\/fr\/wp-json\/wp\/v2\/product_cat?post=1318"},{"taxonomy":"product_tag","embeddable":true,"href":"https:\/\/iurty.com\/fr\/wp-json\/wp\/v2\/product_tag?post=1318"}],"curies":[{"name":"wp","href":"https:\/\/api.w.org\/{rel}","templated":true}]}}