{"id":1356,"date":"2026-04-09T11:49:53","date_gmt":"2026-04-09T11:49:53","guid":{"rendered":"https:\/\/iurty.com\/product\/essence-renovatrice-cellulaire\/"},"modified":"2026-05-13T10:05:49","modified_gmt":"2026-05-13T10:05:49","slug":"essence-renovatrice-cellulaire","status":"publish","type":"product","link":"https:\/\/iurty.com\/fr\/produit\/essence-renovatrice-cellulaire\/","title":{"rendered":"Essence Renouvellement Cellulaire"},"content":{"rendered":"<p><strong>PR\u00c9-TRAITEMENT MOL\u00c9CULAIRE<\/strong><\/p>\n<p><strong>Activation Cellulaire<\/strong><\/p>\n<p>Un pr\u00e9-traitement haute performance con\u00e7u pour soutenir la fonction cutan\u00e9e optimale et renforcer l&#8217;efficacit\u00e9 des soins suivants.<\/p>\n<p>Formul\u00e9 avec du NAD+ pour soutenir l&#8217;\u00e9nergie cellulaire, associ\u00e9 \u00e0 des peptides de type EGF pour favoriser le renouvellement cutan\u00e9 visible et am\u00e9liorer la qualit\u00e9 globale de la peau. Un complexe lipidique biomim\u00e9tique avanc\u00e9 aide \u00e0 renforcer la coh\u00e9sion cutan\u00e9e et optimiser la fonction barri\u00e8re, tandis que l&#8217;ecto\u00efne soutient la capacit\u00e9 de la peau \u00e0 s&#8217;adapter au stress environnemental.<\/p>\n<p>Le teint para\u00eet plus lisse, plus \u00e9quilibr\u00e9 et visiblement revitalis\u00e9. La peau se montre plus r\u00e9ceptive, permettant aux soins appliqu\u00e9s ensuite d&#8217;agir plus efficacement.<\/p>\n<ul>\n<li data-section-id=\"11987d1\" data-start=\"0\" data-end=\"9\"><strong>NAD+<\/strong><br \/>\nAide \u00e0 soutenir l\u2019\u00e9nergie cellulaire et les fonctions essentielles de la peau afin d\u2019am\u00e9liorer visiblement sa vitalit\u00e9 et sa qualit\u00e9 globale.<\/li>\n<li data-section-id=\"11987d1\" data-start=\"0\" data-end=\"9\"><strong>EGF-LIKE PEPTIDES<\/strong><br \/>\nContribuent \u00e0 favoriser le renouvellement visible de la peau et \u00e0 am\u00e9liorer l\u2019apparence de la douceur, de la fermet\u00e9 et de l\u2019uniformit\u00e9 du teint.<\/li>\n<li data-section-id=\"11987d1\" data-start=\"0\" data-end=\"9\"><strong>COMPLEXE LIPIDIQUE BIOMIM\u00c9TIQUE<\/strong><br \/>\nAide \u00e0 renforcer la fonction barri\u00e8re et \u00e0 pr\u00e9server l\u2019\u00e9quilibre naturel de la peau pour une sensation de confort et une peau visiblement plus r\u00e9sistante.<\/li>\n<li data-section-id=\"11987d1\" data-start=\"0\" data-end=\"9\"><strong>ECTO\u00cfNE<\/strong><br \/>\nActif protecteur reconnu pour aider la peau \u00e0 mieux faire face aux agressions environnementales quotidiennes tout en pr\u00e9servant son hydratation et sa souplesse.<\/li>\n<\/ul>\n","protected":false},"excerpt":{"rendered":"<p data-start=\"0\" data-end=\"123\">Un pr\u00e9-traitement mol\u00e9culaire haute performance qui soutient l&#8217;\u00e9nergie cellulaire et le renouvellement cutan\u00e9 tout en renfor\u00e7ant la r\u00e9ceptivit\u00e9 de la peau.<\/p>\n<p data-start=\"125\" data-end=\"250\" data-is-last-node=\"\" data-is-only-node=\"\">Formul\u00e9 avec du NAD+, des peptides de type EGF, un complexe lipidique biomim\u00e9tique et de l&#8217;ecto\u00efne, il aide \u00e0 am\u00e9liorer l&#8217;\u00e9quilibre et la r\u00e9silience de la peau.<\/p>\n","protected":false},"featured_media":1357,"comment_status":"open","ping_status":"closed","template":"","meta":[],"product_brand":[],"product_cat":[94],"product_tag":[95],"class_list":{"0":"post-1356","1":"product","2":"type-product","3":"status-publish","4":"has-post-thumbnail","6":"product_cat-lotion-essence","7":"product_tag-120-ml--4-06-oz-poids-net","9":"first","10":"outofstock","11":"shipping-taxable","12":"purchasable","13":"product-type-simple"},"yoast_head":"<!-- This site is optimized with the Yoast SEO plugin v27.6 - https:\/\/yoast.com\/product\/yoast-seo-wordpress\/ -->\n<title>Essence Renouvellement Cellulaire - IURTY LAB<\/title>\n<meta name=\"description\" content=\"Un pr\u00e9-traitement haute performance inspir\u00e9 de la science mol\u00e9culaire pour soutenir le renouvellement cutan\u00e9 et optimiser l\u2019efficacit\u00e9 des soins.\" \/>\n<meta name=\"robots\" content=\"index, follow, max-snippet:-1, max-image-preview:large, max-video-preview:-1\" \/>\n<link rel=\"canonical\" href=\"https:\/\/iurty.com\/fr\/produit\/essence-renovatrice-cellulaire\/\" \/>\n<meta property=\"og:locale\" content=\"fr_FR\" \/>\n<meta property=\"og:type\" content=\"article\" \/>\n<meta property=\"og:title\" content=\"Essence Renouvellement Cellulaire - IURTY LAB\" \/>\n<meta property=\"og:description\" content=\"Un pr\u00e9-traitement haute performance inspir\u00e9 de la science mol\u00e9culaire pour soutenir le renouvellement cutan\u00e9 et optimiser l\u2019efficacit\u00e9 des soins.\" \/>\n<meta property=\"og:url\" content=\"https:\/\/iurty.com\/fr\/produit\/essence-renovatrice-cellulaire\/\" \/>\n<meta property=\"og:site_name\" content=\"IURTY LAB\" \/>\n<meta property=\"article:modified_time\" content=\"2026-05-13T10:05:49+00:00\" \/>\n<meta property=\"og:image\" content=\"https:\/\/iurty.com\/wp-content\/uploads\/2026\/04\/lotion-1-1024x1024.png\" \/>\n\t<meta property=\"og:image:width\" content=\"1024\" \/>\n\t<meta property=\"og:image:height\" content=\"1024\" \/>\n\t<meta property=\"og:image:type\" content=\"image\/png\" \/>\n<meta name=\"twitter:card\" content=\"summary_large_image\" \/>\n<meta name=\"twitter:label1\" content=\"Dur\u00e9e de lecture estim\u00e9e\" \/>\n\t<meta name=\"twitter:data1\" content=\"2 minutes\" \/>\n<script type=\"application\/ld+json\" class=\"yoast-schema-graph\">{\"@context\":\"https:\\\/\\\/schema.org\",\"@graph\":[{\"@type\":\"WebPage\",\"@id\":\"https:\\\/\\\/iurty.com\\\/fr\\\/produit\\\/essence-renovatrice-cellulaire\\\/\",\"url\":\"https:\\\/\\\/iurty.com\\\/fr\\\/produit\\\/essence-renovatrice-cellulaire\\\/\",\"name\":\"Essence Renouvellement Cellulaire - IURTY LAB\",\"isPartOf\":{\"@id\":\"https:\\\/\\\/iurty.com\\\/#website\"},\"primaryImageOfPage\":{\"@id\":\"https:\\\/\\\/iurty.com\\\/fr\\\/produit\\\/essence-renovatrice-cellulaire\\\/#primaryimage\"},\"image\":{\"@id\":\"https:\\\/\\\/iurty.com\\\/fr\\\/produit\\\/essence-renovatrice-cellulaire\\\/#primaryimage\"},\"thumbnailUrl\":\"https:\\\/\\\/iurty.com\\\/wp-content\\\/uploads\\\/2026\\\/04\\\/lotion-1.png\",\"datePublished\":\"2026-04-09T11:49:53+00:00\",\"dateModified\":\"2026-05-13T10:05:49+00:00\",\"description\":\"Un pr\u00e9-traitement haute performance inspir\u00e9 de la science mol\u00e9culaire pour soutenir le renouvellement cutan\u00e9 et optimiser l\u2019efficacit\u00e9 des soins.\",\"breadcrumb\":{\"@id\":\"https:\\\/\\\/iurty.com\\\/fr\\\/produit\\\/essence-renovatrice-cellulaire\\\/#breadcrumb\"},\"inLanguage\":\"fr-FR\",\"potentialAction\":[{\"@type\":\"ReadAction\",\"target\":[\"https:\\\/\\\/iurty.com\\\/fr\\\/produit\\\/essence-renovatrice-cellulaire\\\/\"]}]},{\"@type\":\"ImageObject\",\"inLanguage\":\"fr-FR\",\"@id\":\"https:\\\/\\\/iurty.com\\\/fr\\\/produit\\\/essence-renovatrice-cellulaire\\\/#primaryimage\",\"url\":\"https:\\\/\\\/iurty.com\\\/wp-content\\\/uploads\\\/2026\\\/04\\\/lotion-1.png\",\"contentUrl\":\"https:\\\/\\\/iurty.com\\\/wp-content\\\/uploads\\\/2026\\\/04\\\/lotion-1.png\",\"width\":2000,\"height\":2000},{\"@type\":\"BreadcrumbList\",\"@id\":\"https:\\\/\\\/iurty.com\\\/fr\\\/produit\\\/essence-renovatrice-cellulaire\\\/#breadcrumb\",\"itemListElement\":[{\"@type\":\"ListItem\",\"position\":1,\"name\":\"Home\",\"item\":\"https:\\\/\\\/iurty.com\\\/fr\\\/\"},{\"@type\":\"ListItem\",\"position\":2,\"name\":\"Boutique\",\"item\":\"https:\\\/\\\/iurty.com\\\/fr\\\/accueil\\\/boutique\\\/\"},{\"@type\":\"ListItem\",\"position\":3,\"name\":\"Essence Renouvellement Cellulaire\"}]},{\"@type\":\"WebSite\",\"@id\":\"https:\\\/\\\/iurty.com\\\/#website\",\"url\":\"https:\\\/\\\/iurty.com\\\/\",\"name\":\"IURTY LAB\",\"description\":\"Molecular Skin Science\",\"publisher\":{\"@id\":\"https:\\\/\\\/iurty.com\\\/#organization\"},\"potentialAction\":[{\"@type\":\"SearchAction\",\"target\":{\"@type\":\"EntryPoint\",\"urlTemplate\":\"https:\\\/\\\/iurty.com\\\/?s={search_term_string}\"},\"query-input\":{\"@type\":\"PropertyValueSpecification\",\"valueRequired\":true,\"valueName\":\"search_term_string\"}}],\"inLanguage\":\"fr-FR\"},{\"@type\":\"Organization\",\"@id\":\"https:\\\/\\\/iurty.com\\\/#organization\",\"name\":\"IURTY LAB\",\"url\":\"https:\\\/\\\/iurty.com\\\/\",\"logo\":{\"@type\":\"ImageObject\",\"inLanguage\":\"fr-FR\",\"@id\":\"https:\\\/\\\/iurty.com\\\/#\\\/schema\\\/logo\\\/image\\\/\",\"url\":\"https:\\\/\\\/iurty.com\\\/wp-content\\\/uploads\\\/2026\\\/03\\\/Fichier-1-1.png\",\"contentUrl\":\"https:\\\/\\\/iurty.com\\\/wp-content\\\/uploads\\\/2026\\\/03\\\/Fichier-1-1.png\",\"width\":692,\"height\":256,\"caption\":\"IURTY LAB\"},\"image\":{\"@id\":\"https:\\\/\\\/iurty.com\\\/#\\\/schema\\\/logo\\\/image\\\/\"},\"sameAs\":[\"https:\\\/\\\/www.instagram.com\\\/iurty_lab\\\/\"]}]}<\/script>\n<!-- \/ Yoast SEO plugin. -->","yoast_head_json":{"title":"Essence Renouvellement Cellulaire - IURTY LAB","description":"Un pr\u00e9-traitement haute performance inspir\u00e9 de la science mol\u00e9culaire pour soutenir le renouvellement cutan\u00e9 et optimiser l\u2019efficacit\u00e9 des soins.","robots":{"index":"index","follow":"follow","max-snippet":"max-snippet:-1","max-image-preview":"max-image-preview:large","max-video-preview":"max-video-preview:-1"},"canonical":"https:\/\/iurty.com\/fr\/produit\/essence-renovatrice-cellulaire\/","og_locale":"fr_FR","og_type":"article","og_title":"Essence Renouvellement Cellulaire - IURTY LAB","og_description":"Un pr\u00e9-traitement haute performance inspir\u00e9 de la science mol\u00e9culaire pour soutenir le renouvellement cutan\u00e9 et optimiser l\u2019efficacit\u00e9 des soins.","og_url":"https:\/\/iurty.com\/fr\/produit\/essence-renovatrice-cellulaire\/","og_site_name":"IURTY LAB","article_modified_time":"2026-05-13T10:05:49+00:00","og_image":[{"width":1024,"height":1024,"url":"https:\/\/iurty.com\/wp-content\/uploads\/2026\/04\/lotion-1-1024x1024.png","type":"image\/png"}],"twitter_card":"summary_large_image","twitter_misc":{"Dur\u00e9e de lecture estim\u00e9e":"2 minutes"},"schema":{"@context":"https:\/\/schema.org","@graph":[{"@type":"WebPage","@id":"https:\/\/iurty.com\/fr\/produit\/essence-renovatrice-cellulaire\/","url":"https:\/\/iurty.com\/fr\/produit\/essence-renovatrice-cellulaire\/","name":"Essence Renouvellement Cellulaire - IURTY LAB","isPartOf":{"@id":"https:\/\/iurty.com\/#website"},"primaryImageOfPage":{"@id":"https:\/\/iurty.com\/fr\/produit\/essence-renovatrice-cellulaire\/#primaryimage"},"image":{"@id":"https:\/\/iurty.com\/fr\/produit\/essence-renovatrice-cellulaire\/#primaryimage"},"thumbnailUrl":"https:\/\/iurty.com\/wp-content\/uploads\/2026\/04\/lotion-1.png","datePublished":"2026-04-09T11:49:53+00:00","dateModified":"2026-05-13T10:05:49+00:00","description":"Un pr\u00e9-traitement haute performance inspir\u00e9 de la science mol\u00e9culaire pour soutenir le renouvellement cutan\u00e9 et optimiser l\u2019efficacit\u00e9 des soins.","breadcrumb":{"@id":"https:\/\/iurty.com\/fr\/produit\/essence-renovatrice-cellulaire\/#breadcrumb"},"inLanguage":"fr-FR","potentialAction":[{"@type":"ReadAction","target":["https:\/\/iurty.com\/fr\/produit\/essence-renovatrice-cellulaire\/"]}]},{"@type":"ImageObject","inLanguage":"fr-FR","@id":"https:\/\/iurty.com\/fr\/produit\/essence-renovatrice-cellulaire\/#primaryimage","url":"https:\/\/iurty.com\/wp-content\/uploads\/2026\/04\/lotion-1.png","contentUrl":"https:\/\/iurty.com\/wp-content\/uploads\/2026\/04\/lotion-1.png","width":2000,"height":2000},{"@type":"BreadcrumbList","@id":"https:\/\/iurty.com\/fr\/produit\/essence-renovatrice-cellulaire\/#breadcrumb","itemListElement":[{"@type":"ListItem","position":1,"name":"Home","item":"https:\/\/iurty.com\/fr\/"},{"@type":"ListItem","position":2,"name":"Boutique","item":"https:\/\/iurty.com\/fr\/accueil\/boutique\/"},{"@type":"ListItem","position":3,"name":"Essence Renouvellement Cellulaire"}]},{"@type":"WebSite","@id":"https:\/\/iurty.com\/#website","url":"https:\/\/iurty.com\/","name":"IURTY LAB","description":"Molecular Skin Science","publisher":{"@id":"https:\/\/iurty.com\/#organization"},"potentialAction":[{"@type":"SearchAction","target":{"@type":"EntryPoint","urlTemplate":"https:\/\/iurty.com\/?s={search_term_string}"},"query-input":{"@type":"PropertyValueSpecification","valueRequired":true,"valueName":"search_term_string"}}],"inLanguage":"fr-FR"},{"@type":"Organization","@id":"https:\/\/iurty.com\/#organization","name":"IURTY LAB","url":"https:\/\/iurty.com\/","logo":{"@type":"ImageObject","inLanguage":"fr-FR","@id":"https:\/\/iurty.com\/#\/schema\/logo\/image\/","url":"https:\/\/iurty.com\/wp-content\/uploads\/2026\/03\/Fichier-1-1.png","contentUrl":"https:\/\/iurty.com\/wp-content\/uploads\/2026\/03\/Fichier-1-1.png","width":692,"height":256,"caption":"IURTY LAB"},"image":{"@id":"https:\/\/iurty.com\/#\/schema\/logo\/image\/"},"sameAs":["https:\/\/www.instagram.com\/iurty_lab\/"]}]}},"jetpack_sharing_enabled":true,"_links":{"self":[{"href":"https:\/\/iurty.com\/fr\/wp-json\/wp\/v2\/product\/1356","targetHints":{"allow":["GET"]}}],"collection":[{"href":"https:\/\/iurty.com\/fr\/wp-json\/wp\/v2\/product"}],"about":[{"href":"https:\/\/iurty.com\/fr\/wp-json\/wp\/v2\/types\/product"}],"replies":[{"embeddable":true,"href":"https:\/\/iurty.com\/fr\/wp-json\/wp\/v2\/comments?post=1356"}],"wp:featuredmedia":[{"embeddable":true,"href":"https:\/\/iurty.com\/fr\/wp-json\/wp\/v2\/media\/1357"}],"wp:attachment":[{"href":"https:\/\/iurty.com\/fr\/wp-json\/wp\/v2\/media?parent=1356"}],"wp:term":[{"taxonomy":"product_brand","embeddable":true,"href":"https:\/\/iurty.com\/fr\/wp-json\/wp\/v2\/product_brand?post=1356"},{"taxonomy":"product_cat","embeddable":true,"href":"https:\/\/iurty.com\/fr\/wp-json\/wp\/v2\/product_cat?post=1356"},{"taxonomy":"product_tag","embeddable":true,"href":"https:\/\/iurty.com\/fr\/wp-json\/wp\/v2\/product_tag?post=1356"}],"curies":[{"name":"wp","href":"https:\/\/api.w.org\/{rel}","templated":true}]}}