{"id":1362,"date":"2026-04-22T15:09:34","date_gmt":"2026-04-22T15:09:34","guid":{"rendered":"https:\/\/iurty.com\/product\/serum-bio-intelligence-matrix\/"},"modified":"2026-05-13T10:07:44","modified_gmt":"2026-05-13T10:07:44","slug":"serum-bio-intelligence-matrix","status":"publish","type":"product","link":"https:\/\/iurty.com\/fr\/produit\/serum-bio-intelligence-matrix\/","title":{"rendered":"S\u00e9rum Bio-Intelligence Matrix"},"content":{"rendered":"<p><strong>Con\u00e7u pour agir au c\u0153ur des m\u00e9canismes biologiques de la peau.<\/strong><\/p>\n<p data-start=\"68\" data-end=\"240\">Un s\u00e9rum de nouvelle g\u00e9n\u00e9ration \u00e9labor\u00e9 pour soutenir les processus essentiels de renouvellement de la peau, o\u00f9 convergent la communication cellulaire, la r\u00e9cup\u00e9ration cutan\u00e9e visible et la qualit\u00e9 structurelle.<\/p>\n<p data-start=\"242\" data-end=\"453\">Propuls\u00e9e par des peptides biomim\u00e9tiques inspir\u00e9s des facteurs de croissance, de la photolyase et du PDRN, cette formule avanc\u00e9e favorise la r\u00e9g\u00e9n\u00e9ration cutan\u00e9e visible, am\u00e9liore l\u2019apparence de la fermet\u00e9 et rehausse la qualit\u00e9 globale de la peau.<\/p>\n<p data-start=\"455\" data-end=\"645\">La peau para\u00eet plus lisse, plus forte et visiblement plus affin\u00e9e, avec une fermet\u00e9, une clart\u00e9 et un \u00e9quilibre am\u00e9lior\u00e9s. Jour apr\u00e8s jour, le teint semble plus revitalis\u00e9, \u00e9clatant et visiblement renouvel\u00e9.<\/p>\n<ul>\n<li><strong>Peptides biomim\u00e9tiques inspir\u00e9s des facteurs de croissance<\/strong><br \/>\nCon\u00e7us pour imiter les voies de signalisation naturelles de la peau, ces peptides avanc\u00e9s favorisent le renouvellement cutan\u00e9 visible tout en am\u00e9liorant l\u2019apparence de la fermet\u00e9 et la qualit\u00e9 structurelle globale.<\/li>\n<li>\n<p data-section-id=\"1n3rlb3\" data-start=\"344\" data-end=\"384\"><span role=\"text\"><strong data-start=\"348\" data-end=\"382\">Photolyase<br \/>\n<\/strong><\/span>Un actif enzymatique avanc\u00e9 reconnu pour aider la peau \u00e0 mieux r\u00e9sister aux agressions environnementales quotidiennes. La peau para\u00eet plus lisse, plus uniforme et visiblement revitalis\u00e9e.<\/p>\n<\/li>\n<li><strong data-start=\"539\" data-end=\"573\">PDRN (Polydeoxyribonucl\u00e9otide)<br \/>\n<\/strong>Un bioactif d\u00e9riv\u00e9 de l\u2019ADN, reconnu dans les approches esth\u00e9tiques avanc\u00e9es, le PDRN aide \u00e0 am\u00e9liorer l\u2019apparence de la qualit\u00e9, de l\u2019\u00e9lasticit\u00e9 et de l\u2019uniformit\u00e9 de la peau. La peau para\u00eet plus lisse, plus pulpeuse et visiblement revitalis\u00e9e.<\/li>\n<\/ul>\n","protected":false},"excerpt":{"rendered":"<section class=\"text-token-text-primary w-full focus:outline-none [--shadow-height:45px] has-data-writing-block:pointer-events-none has-data-writing-block:-mt-(--shadow-height) has-data-writing-block:pt-(--shadow-height) [&amp;:has([data-writing-block])&gt;*]:pointer-events-auto [content-visibility:auto] supports-[content-visibility:auto]:[contain-intrinsic-size:auto_100lvh] R6Vx5W_threadScrollVars scroll-mb-[calc(var(--scroll-root-safe-area-inset-bottom,0px)+var(--thread-response-height))] scroll-mt-[calc(var(--header-height)+min(200px,max(70px,20svh)))]\" dir=\"auto\" data-turn-id=\"request-69e89c7f-26dc-8332-a255-2cd778387375-27\" data-testid=\"conversation-turn-150\" data-scroll-anchor=\"false\" data-turn=\"assistant\">\n<div class=\"text-base my-auto mx-auto pb-10 [--thread-content-margin:var(--thread-content-margin-xs,calc(var(--spacing)*4))] @w-sm\/main:[--thread-content-margin:var(--thread-content-margin-sm,calc(var(--spacing)*6))] @w-lg\/main:[--thread-content-margin:var(--thread-content-margin-lg,calc(var(--spacing)*16))] px-(--thread-content-margin)\">\n<div class=\"[--thread-content-max-width:40rem] @w-lg\/main:[--thread-content-max-width:48rem] mx-auto max-w-(--thread-content-max-width) flex-1 group\/turn-messages focus-visible:outline-hidden relative flex w-full min-w-0 flex-col agent-turn\">\n<div class=\"flex max-w-full flex-col gap-4 grow\">\n<div class=\"min-h-8 text-message relative flex w-full flex-col items-end gap-2 text-start break-words whitespace-normal outline-none keyboard-focused:focus-ring [.text-message+&amp;]:mt-1\" dir=\"auto\" tabindex=\"0\" data-message-author-role=\"assistant\" data-message-id=\"3aea2eba-d7b1-47e4-938c-2958fcf25420\" data-message-model-slug=\"gpt-5-3\" data-turn-start-message=\"true\">\n<div class=\"flex w-full flex-col gap-1 empty:hidden\">\n<div class=\"markdown prose dark:prose-invert w-full wrap-break-word light markdown-new-styling\">\n<p data-start=\"98\" data-end=\"172\">Un s\u00e9rum de nouvelle g\u00e9n\u00e9ration \u00e9labor\u00e9 pour soutenir les processus essentiels de renouvellement de la peau, o\u00f9 convergent la communication cellulaire, la r\u00e9cup\u00e9ration cutan\u00e9e visible et la qualit\u00e9 structurelle.<\/p>\n<\/div>\n<\/div>\n<\/div>\n<\/div>\n<\/div>\n<\/div>\n<\/section>\n","protected":false},"featured_media":1364,"comment_status":"open","ping_status":"closed","template":"","meta":[],"product_brand":[],"product_cat":[86],"product_tag":[87],"class_list":{"0":"post-1362","1":"product","2":"type-product","3":"status-publish","4":"has-post-thumbnail","6":"product_cat-serum","7":"product_tag-30-ml--105-oz-net","9":"first","10":"outofstock","11":"shipping-taxable","12":"purchasable","13":"product-type-simple"},"yoast_head":"<!-- This site is optimized with the Yoast SEO plugin v27.6 - https:\/\/yoast.com\/product\/yoast-seo-wordpress\/ -->\n<title>S\u00e9rum Bio-Intelligence Matrix - IURTY LAB<\/title>\n<meta name=\"description\" content=\"Un s\u00e9rum nouvelle g\u00e9n\u00e9ration inspir\u00e9 de la science mol\u00e9culaire pour soutenir le renouvellement cutan\u00e9 et am\u00e9liorer la qualit\u00e9 globale de la peau.\" \/>\n<meta name=\"robots\" content=\"index, follow, max-snippet:-1, max-image-preview:large, max-video-preview:-1\" \/>\n<link rel=\"canonical\" href=\"https:\/\/iurty.com\/fr\/produit\/serum-bio-intelligence-matrix\/\" \/>\n<meta property=\"og:locale\" content=\"fr_FR\" \/>\n<meta property=\"og:type\" content=\"article\" \/>\n<meta property=\"og:title\" content=\"S\u00e9rum Bio-Intelligence Matrix - IURTY LAB\" \/>\n<meta property=\"og:description\" content=\"Un s\u00e9rum nouvelle g\u00e9n\u00e9ration inspir\u00e9 de la science mol\u00e9culaire pour soutenir le renouvellement cutan\u00e9 et am\u00e9liorer la qualit\u00e9 globale de la peau.\" \/>\n<meta property=\"og:url\" content=\"https:\/\/iurty.com\/fr\/produit\/serum-bio-intelligence-matrix\/\" \/>\n<meta property=\"og:site_name\" content=\"IURTY LAB\" \/>\n<meta property=\"article:modified_time\" content=\"2026-05-13T10:07:44+00:00\" \/>\n<meta property=\"og:image\" content=\"https:\/\/iurty.com\/wp-content\/uploads\/2026\/04\/bio-intelligence-matrix-serum-1-1024x1024.png\" \/>\n\t<meta property=\"og:image:width\" content=\"1024\" \/>\n\t<meta property=\"og:image:height\" content=\"1024\" \/>\n\t<meta property=\"og:image:type\" content=\"image\/png\" \/>\n<meta name=\"twitter:card\" content=\"summary_large_image\" \/>\n<meta name=\"twitter:label1\" content=\"Dur\u00e9e de lecture estim\u00e9e\" \/>\n\t<meta name=\"twitter:data1\" content=\"2 minutes\" \/>\n<script type=\"application\/ld+json\" class=\"yoast-schema-graph\">{\"@context\":\"https:\\\/\\\/schema.org\",\"@graph\":[{\"@type\":\"WebPage\",\"@id\":\"https:\\\/\\\/iurty.com\\\/fr\\\/produit\\\/serum-bio-intelligence-matrix\\\/\",\"url\":\"https:\\\/\\\/iurty.com\\\/fr\\\/produit\\\/serum-bio-intelligence-matrix\\\/\",\"name\":\"S\u00e9rum Bio-Intelligence Matrix - IURTY LAB\",\"isPartOf\":{\"@id\":\"https:\\\/\\\/iurty.com\\\/#website\"},\"primaryImageOfPage\":{\"@id\":\"https:\\\/\\\/iurty.com\\\/fr\\\/produit\\\/serum-bio-intelligence-matrix\\\/#primaryimage\"},\"image\":{\"@id\":\"https:\\\/\\\/iurty.com\\\/fr\\\/produit\\\/serum-bio-intelligence-matrix\\\/#primaryimage\"},\"thumbnailUrl\":\"https:\\\/\\\/iurty.com\\\/wp-content\\\/uploads\\\/2026\\\/04\\\/bio-intelligence-matrix-serum-1.png\",\"datePublished\":\"2026-04-22T15:09:34+00:00\",\"dateModified\":\"2026-05-13T10:07:44+00:00\",\"description\":\"Un s\u00e9rum nouvelle g\u00e9n\u00e9ration inspir\u00e9 de la science mol\u00e9culaire pour soutenir le renouvellement cutan\u00e9 et am\u00e9liorer la qualit\u00e9 globale de la peau.\",\"breadcrumb\":{\"@id\":\"https:\\\/\\\/iurty.com\\\/fr\\\/produit\\\/serum-bio-intelligence-matrix\\\/#breadcrumb\"},\"inLanguage\":\"fr-FR\",\"potentialAction\":[{\"@type\":\"ReadAction\",\"target\":[\"https:\\\/\\\/iurty.com\\\/fr\\\/produit\\\/serum-bio-intelligence-matrix\\\/\"]}]},{\"@type\":\"ImageObject\",\"inLanguage\":\"fr-FR\",\"@id\":\"https:\\\/\\\/iurty.com\\\/fr\\\/produit\\\/serum-bio-intelligence-matrix\\\/#primaryimage\",\"url\":\"https:\\\/\\\/iurty.com\\\/wp-content\\\/uploads\\\/2026\\\/04\\\/bio-intelligence-matrix-serum-1.png\",\"contentUrl\":\"https:\\\/\\\/iurty.com\\\/wp-content\\\/uploads\\\/2026\\\/04\\\/bio-intelligence-matrix-serum-1.png\",\"width\":2000,\"height\":2000},{\"@type\":\"BreadcrumbList\",\"@id\":\"https:\\\/\\\/iurty.com\\\/fr\\\/produit\\\/serum-bio-intelligence-matrix\\\/#breadcrumb\",\"itemListElement\":[{\"@type\":\"ListItem\",\"position\":1,\"name\":\"Home\",\"item\":\"https:\\\/\\\/iurty.com\\\/fr\\\/\"},{\"@type\":\"ListItem\",\"position\":2,\"name\":\"Boutique\",\"item\":\"https:\\\/\\\/iurty.com\\\/fr\\\/accueil\\\/boutique\\\/\"},{\"@type\":\"ListItem\",\"position\":3,\"name\":\"S\u00e9rum Bio-Intelligence Matrix\"}]},{\"@type\":\"WebSite\",\"@id\":\"https:\\\/\\\/iurty.com\\\/#website\",\"url\":\"https:\\\/\\\/iurty.com\\\/\",\"name\":\"IURTY LAB\",\"description\":\"Molecular Skin Science\",\"publisher\":{\"@id\":\"https:\\\/\\\/iurty.com\\\/#organization\"},\"potentialAction\":[{\"@type\":\"SearchAction\",\"target\":{\"@type\":\"EntryPoint\",\"urlTemplate\":\"https:\\\/\\\/iurty.com\\\/?s={search_term_string}\"},\"query-input\":{\"@type\":\"PropertyValueSpecification\",\"valueRequired\":true,\"valueName\":\"search_term_string\"}}],\"inLanguage\":\"fr-FR\"},{\"@type\":\"Organization\",\"@id\":\"https:\\\/\\\/iurty.com\\\/#organization\",\"name\":\"IURTY LAB\",\"url\":\"https:\\\/\\\/iurty.com\\\/\",\"logo\":{\"@type\":\"ImageObject\",\"inLanguage\":\"fr-FR\",\"@id\":\"https:\\\/\\\/iurty.com\\\/#\\\/schema\\\/logo\\\/image\\\/\",\"url\":\"https:\\\/\\\/iurty.com\\\/wp-content\\\/uploads\\\/2026\\\/03\\\/Fichier-1-1.png\",\"contentUrl\":\"https:\\\/\\\/iurty.com\\\/wp-content\\\/uploads\\\/2026\\\/03\\\/Fichier-1-1.png\",\"width\":692,\"height\":256,\"caption\":\"IURTY LAB\"},\"image\":{\"@id\":\"https:\\\/\\\/iurty.com\\\/#\\\/schema\\\/logo\\\/image\\\/\"},\"sameAs\":[\"https:\\\/\\\/www.instagram.com\\\/iurty_lab\\\/\"]}]}<\/script>\n<!-- \/ Yoast SEO plugin. -->","yoast_head_json":{"title":"S\u00e9rum Bio-Intelligence Matrix - IURTY LAB","description":"Un s\u00e9rum nouvelle g\u00e9n\u00e9ration inspir\u00e9 de la science mol\u00e9culaire pour soutenir le renouvellement cutan\u00e9 et am\u00e9liorer la qualit\u00e9 globale de la peau.","robots":{"index":"index","follow":"follow","max-snippet":"max-snippet:-1","max-image-preview":"max-image-preview:large","max-video-preview":"max-video-preview:-1"},"canonical":"https:\/\/iurty.com\/fr\/produit\/serum-bio-intelligence-matrix\/","og_locale":"fr_FR","og_type":"article","og_title":"S\u00e9rum Bio-Intelligence Matrix - IURTY LAB","og_description":"Un s\u00e9rum nouvelle g\u00e9n\u00e9ration inspir\u00e9 de la science mol\u00e9culaire pour soutenir le renouvellement cutan\u00e9 et am\u00e9liorer la qualit\u00e9 globale de la peau.","og_url":"https:\/\/iurty.com\/fr\/produit\/serum-bio-intelligence-matrix\/","og_site_name":"IURTY LAB","article_modified_time":"2026-05-13T10:07:44+00:00","og_image":[{"width":1024,"height":1024,"url":"https:\/\/iurty.com\/wp-content\/uploads\/2026\/04\/bio-intelligence-matrix-serum-1-1024x1024.png","type":"image\/png"}],"twitter_card":"summary_large_image","twitter_misc":{"Dur\u00e9e de lecture estim\u00e9e":"2 minutes"},"schema":{"@context":"https:\/\/schema.org","@graph":[{"@type":"WebPage","@id":"https:\/\/iurty.com\/fr\/produit\/serum-bio-intelligence-matrix\/","url":"https:\/\/iurty.com\/fr\/produit\/serum-bio-intelligence-matrix\/","name":"S\u00e9rum Bio-Intelligence Matrix - IURTY LAB","isPartOf":{"@id":"https:\/\/iurty.com\/#website"},"primaryImageOfPage":{"@id":"https:\/\/iurty.com\/fr\/produit\/serum-bio-intelligence-matrix\/#primaryimage"},"image":{"@id":"https:\/\/iurty.com\/fr\/produit\/serum-bio-intelligence-matrix\/#primaryimage"},"thumbnailUrl":"https:\/\/iurty.com\/wp-content\/uploads\/2026\/04\/bio-intelligence-matrix-serum-1.png","datePublished":"2026-04-22T15:09:34+00:00","dateModified":"2026-05-13T10:07:44+00:00","description":"Un s\u00e9rum nouvelle g\u00e9n\u00e9ration inspir\u00e9 de la science mol\u00e9culaire pour soutenir le renouvellement cutan\u00e9 et am\u00e9liorer la qualit\u00e9 globale de la peau.","breadcrumb":{"@id":"https:\/\/iurty.com\/fr\/produit\/serum-bio-intelligence-matrix\/#breadcrumb"},"inLanguage":"fr-FR","potentialAction":[{"@type":"ReadAction","target":["https:\/\/iurty.com\/fr\/produit\/serum-bio-intelligence-matrix\/"]}]},{"@type":"ImageObject","inLanguage":"fr-FR","@id":"https:\/\/iurty.com\/fr\/produit\/serum-bio-intelligence-matrix\/#primaryimage","url":"https:\/\/iurty.com\/wp-content\/uploads\/2026\/04\/bio-intelligence-matrix-serum-1.png","contentUrl":"https:\/\/iurty.com\/wp-content\/uploads\/2026\/04\/bio-intelligence-matrix-serum-1.png","width":2000,"height":2000},{"@type":"BreadcrumbList","@id":"https:\/\/iurty.com\/fr\/produit\/serum-bio-intelligence-matrix\/#breadcrumb","itemListElement":[{"@type":"ListItem","position":1,"name":"Home","item":"https:\/\/iurty.com\/fr\/"},{"@type":"ListItem","position":2,"name":"Boutique","item":"https:\/\/iurty.com\/fr\/accueil\/boutique\/"},{"@type":"ListItem","position":3,"name":"S\u00e9rum Bio-Intelligence Matrix"}]},{"@type":"WebSite","@id":"https:\/\/iurty.com\/#website","url":"https:\/\/iurty.com\/","name":"IURTY LAB","description":"Molecular Skin Science","publisher":{"@id":"https:\/\/iurty.com\/#organization"},"potentialAction":[{"@type":"SearchAction","target":{"@type":"EntryPoint","urlTemplate":"https:\/\/iurty.com\/?s={search_term_string}"},"query-input":{"@type":"PropertyValueSpecification","valueRequired":true,"valueName":"search_term_string"}}],"inLanguage":"fr-FR"},{"@type":"Organization","@id":"https:\/\/iurty.com\/#organization","name":"IURTY LAB","url":"https:\/\/iurty.com\/","logo":{"@type":"ImageObject","inLanguage":"fr-FR","@id":"https:\/\/iurty.com\/#\/schema\/logo\/image\/","url":"https:\/\/iurty.com\/wp-content\/uploads\/2026\/03\/Fichier-1-1.png","contentUrl":"https:\/\/iurty.com\/wp-content\/uploads\/2026\/03\/Fichier-1-1.png","width":692,"height":256,"caption":"IURTY LAB"},"image":{"@id":"https:\/\/iurty.com\/#\/schema\/logo\/image\/"},"sameAs":["https:\/\/www.instagram.com\/iurty_lab\/"]}]}},"jetpack_sharing_enabled":true,"_links":{"self":[{"href":"https:\/\/iurty.com\/fr\/wp-json\/wp\/v2\/product\/1362","targetHints":{"allow":["GET"]}}],"collection":[{"href":"https:\/\/iurty.com\/fr\/wp-json\/wp\/v2\/product"}],"about":[{"href":"https:\/\/iurty.com\/fr\/wp-json\/wp\/v2\/types\/product"}],"replies":[{"embeddable":true,"href":"https:\/\/iurty.com\/fr\/wp-json\/wp\/v2\/comments?post=1362"}],"wp:featuredmedia":[{"embeddable":true,"href":"https:\/\/iurty.com\/fr\/wp-json\/wp\/v2\/media\/1364"}],"wp:attachment":[{"href":"https:\/\/iurty.com\/fr\/wp-json\/wp\/v2\/media?parent=1362"}],"wp:term":[{"taxonomy":"product_brand","embeddable":true,"href":"https:\/\/iurty.com\/fr\/wp-json\/wp\/v2\/product_brand?post=1362"},{"taxonomy":"product_cat","embeddable":true,"href":"https:\/\/iurty.com\/fr\/wp-json\/wp\/v2\/product_cat?post=1362"},{"taxonomy":"product_tag","embeddable":true,"href":"https:\/\/iurty.com\/fr\/wp-json\/wp\/v2\/product_tag?post=1362"}],"curies":[{"name":"wp","href":"https:\/\/api.w.org\/{rel}","templated":true}]}}