{"id":1368,"date":"2026-04-09T11:52:37","date_gmt":"2026-04-09T11:52:37","guid":{"rendered":"https:\/\/iurty.com\/product\/serum-reparateur-au-collagene\/"},"modified":"2026-05-13T10:11:00","modified_gmt":"2026-05-13T10:11:00","slug":"serum-collagen-repair","status":"publish","type":"product","link":"https:\/\/iurty.com\/fr\/produit\/serum-collagen-repair\/","title":{"rendered":"S\u00e9rum Collagen Repair"},"content":{"rendered":"<p>Le premier s\u00e9rum avanc\u00e9 con\u00e7u pour aider \u00e0 pr\u00e9server et stimuler les r\u00e9serves naturelles de collag\u00e8ne de la peau d\u00e8s aujourd\u2019hui, pour une peau d\u2019apparence plus forte au fil du temps.<\/p>\n<p>Enrichie en acides amin\u00e9s pro-collag\u00e8ne, en carnosine et en acide polyglutamique, cette formule soutient la biosynth\u00e8se du collag\u00e8ne tout en aidant \u00e0 prot\u00e9ger le collag\u00e8ne existant de la d\u00e9gradation. Elle offre une hydratation intense, am\u00e9liore la douceur de la peau et renforce l\u2019apparence de fermet\u00e9 et d\u2019\u00e9lasticit\u00e9.<\/p>\n<p>Jour apr\u00e8s jour, le teint para\u00eet plus uniforme, plus rebondi et visiblement plus lumineux.<\/p>\n<ul>\n<li><strong>ACIDES AMIN\u00c9S PRO-COLLAG\u00c8NE<br \/>\n<\/strong>Apportent des \u00e9l\u00e9ments essentiels pour soutenir la biosynth\u00e8se du collag\u00e8ne, en particulier le collag\u00e8ne de type I. Aident \u00e0 stimuler l\u2019activit\u00e9 des fibroblastes et \u00e0 am\u00e9liorer l\u2019int\u00e9grit\u00e9 structurelle de la matrice dermique, renfor\u00e7ant l\u2019apparence de fermet\u00e9 et la densit\u00e9 cutan\u00e9e.<\/li>\n<li><strong>DIPEPTIDE DE CARNOSINE<br \/>\n<\/strong>Agit comme un puissant agent anti-glycation et antioxydant. Aide \u00e0 inhiber la r\u00e9ticulation du collag\u00e8ne et \u00e0 r\u00e9duire l\u2019activit\u00e9 de la MMP-1, limitant ainsi la d\u00e9gradation du collag\u00e8ne et pr\u00e9servant la structure dermique.<\/li>\n<li><strong>ACIDE POLYGLUTAMIQUE<br \/>\n<\/strong>Un humectant de haut poids mol\u00e9culaire \u00e0 forte capacit\u00e9 de fixation de l\u2019eau. Renforce l\u2019hydratation de la peau en formant un film protecteur \u00e0 la surface, am\u00e9liorant la r\u00e9tention d\u2019hydratation et contribuant \u00e0 une peau visiblement plus rebondie et plus lisse.<\/li>\n<\/ul>\n","protected":false},"excerpt":{"rendered":"<p data-start=\"56\" data-end=\"349\">Un s\u00e9rum avanc\u00e9 con\u00e7u pour soutenir l\u2019apparence du collag\u00e8ne et am\u00e9liorer la fermet\u00e9 de la peau au fil du temps. Enrichi en acides amin\u00e9s, en carnosine et en acide polyglutamique, il aide \u00e0 hydrater, lisser et renforcer l\u2019\u00e9lasticit\u00e9 cutan\u00e9e. La peau para\u00eet plus ferme, plus uniforme et visiblement plus rebondie, avec un \u00e9clat renouvel\u00e9.<\/p>\n","protected":false},"featured_media":1374,"comment_status":"open","ping_status":"closed","template":"","meta":[],"product_brand":[],"product_cat":[86],"product_tag":[87],"class_list":{"0":"post-1368","1":"product","2":"type-product","3":"status-publish","4":"has-post-thumbnail","6":"product_cat-serum","7":"product_tag-30-ml--105-oz-net","9":"first","10":"outofstock","11":"shipping-taxable","12":"purchasable","13":"product-type-simple"},"yoast_head":"<!-- This site is optimized with the Yoast SEO plugin v27.6 - https:\/\/yoast.com\/product\/yoast-seo-wordpress\/ -->\n<title>S\u00e9rum Collagen Repair - IURTY LAB<\/title>\n<meta name=\"description\" content=\"Un s\u00e9rum avanc\u00e9 inspir\u00e9 de la science mol\u00e9culaire pour soutenir la fermet\u00e9, l\u2019\u00e9lasticit\u00e9 et la qualit\u00e9 globale de la peau.\" \/>\n<meta name=\"robots\" content=\"index, follow, max-snippet:-1, max-image-preview:large, max-video-preview:-1\" \/>\n<link rel=\"canonical\" href=\"https:\/\/iurty.com\/fr\/produit\/serum-collagen-repair\/\" \/>\n<meta property=\"og:locale\" content=\"fr_FR\" \/>\n<meta property=\"og:type\" content=\"article\" \/>\n<meta property=\"og:title\" content=\"S\u00e9rum Collagen Repair - IURTY LAB\" \/>\n<meta property=\"og:description\" content=\"Un s\u00e9rum avanc\u00e9 inspir\u00e9 de la science mol\u00e9culaire pour soutenir la fermet\u00e9, l\u2019\u00e9lasticit\u00e9 et la qualit\u00e9 globale de la peau.\" \/>\n<meta property=\"og:url\" content=\"https:\/\/iurty.com\/fr\/produit\/serum-collagen-repair\/\" \/>\n<meta property=\"og:site_name\" content=\"IURTY LAB\" \/>\n<meta property=\"article:modified_time\" content=\"2026-05-13T10:11:00+00:00\" \/>\n<meta property=\"og:image\" content=\"https:\/\/iurty.com\/wp-content\/uploads\/2026\/04\/SERUM-COLLAGEN.jpg\" \/>\n\t<meta property=\"og:image:width\" content=\"1024\" \/>\n\t<meta property=\"og:image:height\" content=\"1536\" \/>\n\t<meta property=\"og:image:type\" content=\"image\/jpeg\" \/>\n<meta name=\"twitter:card\" content=\"summary_large_image\" \/>\n<meta name=\"twitter:label1\" content=\"Dur\u00e9e de lecture estim\u00e9e\" \/>\n\t<meta name=\"twitter:data1\" content=\"2 minutes\" \/>\n<script type=\"application\/ld+json\" class=\"yoast-schema-graph\">{\"@context\":\"https:\\\/\\\/schema.org\",\"@graph\":[{\"@type\":\"WebPage\",\"@id\":\"https:\\\/\\\/iurty.com\\\/fr\\\/produit\\\/serum-collagen-repair\\\/\",\"url\":\"https:\\\/\\\/iurty.com\\\/fr\\\/produit\\\/serum-collagen-repair\\\/\",\"name\":\"S\u00e9rum Collagen Repair - IURTY LAB\",\"isPartOf\":{\"@id\":\"https:\\\/\\\/iurty.com\\\/#website\"},\"primaryImageOfPage\":{\"@id\":\"https:\\\/\\\/iurty.com\\\/fr\\\/produit\\\/serum-collagen-repair\\\/#primaryimage\"},\"image\":{\"@id\":\"https:\\\/\\\/iurty.com\\\/fr\\\/produit\\\/serum-collagen-repair\\\/#primaryimage\"},\"thumbnailUrl\":\"https:\\\/\\\/iurty.com\\\/wp-content\\\/uploads\\\/2026\\\/04\\\/SERUM-COLLAGEN.jpg\",\"datePublished\":\"2026-04-09T11:52:37+00:00\",\"dateModified\":\"2026-05-13T10:11:00+00:00\",\"description\":\"Un s\u00e9rum avanc\u00e9 inspir\u00e9 de la science mol\u00e9culaire pour soutenir la fermet\u00e9, l\u2019\u00e9lasticit\u00e9 et la qualit\u00e9 globale de la peau.\",\"breadcrumb\":{\"@id\":\"https:\\\/\\\/iurty.com\\\/fr\\\/produit\\\/serum-collagen-repair\\\/#breadcrumb\"},\"inLanguage\":\"fr-FR\",\"potentialAction\":[{\"@type\":\"ReadAction\",\"target\":[\"https:\\\/\\\/iurty.com\\\/fr\\\/produit\\\/serum-collagen-repair\\\/\"]}]},{\"@type\":\"ImageObject\",\"inLanguage\":\"fr-FR\",\"@id\":\"https:\\\/\\\/iurty.com\\\/fr\\\/produit\\\/serum-collagen-repair\\\/#primaryimage\",\"url\":\"https:\\\/\\\/iurty.com\\\/wp-content\\\/uploads\\\/2026\\\/04\\\/SERUM-COLLAGEN.jpg\",\"contentUrl\":\"https:\\\/\\\/iurty.com\\\/wp-content\\\/uploads\\\/2026\\\/04\\\/SERUM-COLLAGEN.jpg\",\"width\":1024,\"height\":1536},{\"@type\":\"BreadcrumbList\",\"@id\":\"https:\\\/\\\/iurty.com\\\/fr\\\/produit\\\/serum-collagen-repair\\\/#breadcrumb\",\"itemListElement\":[{\"@type\":\"ListItem\",\"position\":1,\"name\":\"Home\",\"item\":\"https:\\\/\\\/iurty.com\\\/fr\\\/\"},{\"@type\":\"ListItem\",\"position\":2,\"name\":\"Boutique\",\"item\":\"https:\\\/\\\/iurty.com\\\/fr\\\/accueil\\\/boutique\\\/\"},{\"@type\":\"ListItem\",\"position\":3,\"name\":\"S\u00e9rum Collagen Repair\"}]},{\"@type\":\"WebSite\",\"@id\":\"https:\\\/\\\/iurty.com\\\/#website\",\"url\":\"https:\\\/\\\/iurty.com\\\/\",\"name\":\"IURTY LAB\",\"description\":\"Molecular Skin Science\",\"publisher\":{\"@id\":\"https:\\\/\\\/iurty.com\\\/#organization\"},\"potentialAction\":[{\"@type\":\"SearchAction\",\"target\":{\"@type\":\"EntryPoint\",\"urlTemplate\":\"https:\\\/\\\/iurty.com\\\/?s={search_term_string}\"},\"query-input\":{\"@type\":\"PropertyValueSpecification\",\"valueRequired\":true,\"valueName\":\"search_term_string\"}}],\"inLanguage\":\"fr-FR\"},{\"@type\":\"Organization\",\"@id\":\"https:\\\/\\\/iurty.com\\\/#organization\",\"name\":\"IURTY LAB\",\"url\":\"https:\\\/\\\/iurty.com\\\/\",\"logo\":{\"@type\":\"ImageObject\",\"inLanguage\":\"fr-FR\",\"@id\":\"https:\\\/\\\/iurty.com\\\/#\\\/schema\\\/logo\\\/image\\\/\",\"url\":\"https:\\\/\\\/iurty.com\\\/wp-content\\\/uploads\\\/2026\\\/03\\\/Fichier-1-1.png\",\"contentUrl\":\"https:\\\/\\\/iurty.com\\\/wp-content\\\/uploads\\\/2026\\\/03\\\/Fichier-1-1.png\",\"width\":692,\"height\":256,\"caption\":\"IURTY LAB\"},\"image\":{\"@id\":\"https:\\\/\\\/iurty.com\\\/#\\\/schema\\\/logo\\\/image\\\/\"},\"sameAs\":[\"https:\\\/\\\/www.instagram.com\\\/iurty_lab\\\/\"]}]}<\/script>\n<!-- \/ Yoast SEO plugin. -->","yoast_head_json":{"title":"S\u00e9rum Collagen Repair - IURTY LAB","description":"Un s\u00e9rum avanc\u00e9 inspir\u00e9 de la science mol\u00e9culaire pour soutenir la fermet\u00e9, l\u2019\u00e9lasticit\u00e9 et la qualit\u00e9 globale de la peau.","robots":{"index":"index","follow":"follow","max-snippet":"max-snippet:-1","max-image-preview":"max-image-preview:large","max-video-preview":"max-video-preview:-1"},"canonical":"https:\/\/iurty.com\/fr\/produit\/serum-collagen-repair\/","og_locale":"fr_FR","og_type":"article","og_title":"S\u00e9rum Collagen Repair - IURTY LAB","og_description":"Un s\u00e9rum avanc\u00e9 inspir\u00e9 de la science mol\u00e9culaire pour soutenir la fermet\u00e9, l\u2019\u00e9lasticit\u00e9 et la qualit\u00e9 globale de la peau.","og_url":"https:\/\/iurty.com\/fr\/produit\/serum-collagen-repair\/","og_site_name":"IURTY LAB","article_modified_time":"2026-05-13T10:11:00+00:00","og_image":[{"width":1024,"height":1536,"url":"https:\/\/iurty.com\/wp-content\/uploads\/2026\/04\/SERUM-COLLAGEN.jpg","type":"image\/jpeg"}],"twitter_card":"summary_large_image","twitter_misc":{"Dur\u00e9e de lecture estim\u00e9e":"2 minutes"},"schema":{"@context":"https:\/\/schema.org","@graph":[{"@type":"WebPage","@id":"https:\/\/iurty.com\/fr\/produit\/serum-collagen-repair\/","url":"https:\/\/iurty.com\/fr\/produit\/serum-collagen-repair\/","name":"S\u00e9rum Collagen Repair - IURTY LAB","isPartOf":{"@id":"https:\/\/iurty.com\/#website"},"primaryImageOfPage":{"@id":"https:\/\/iurty.com\/fr\/produit\/serum-collagen-repair\/#primaryimage"},"image":{"@id":"https:\/\/iurty.com\/fr\/produit\/serum-collagen-repair\/#primaryimage"},"thumbnailUrl":"https:\/\/iurty.com\/wp-content\/uploads\/2026\/04\/SERUM-COLLAGEN.jpg","datePublished":"2026-04-09T11:52:37+00:00","dateModified":"2026-05-13T10:11:00+00:00","description":"Un s\u00e9rum avanc\u00e9 inspir\u00e9 de la science mol\u00e9culaire pour soutenir la fermet\u00e9, l\u2019\u00e9lasticit\u00e9 et la qualit\u00e9 globale de la peau.","breadcrumb":{"@id":"https:\/\/iurty.com\/fr\/produit\/serum-collagen-repair\/#breadcrumb"},"inLanguage":"fr-FR","potentialAction":[{"@type":"ReadAction","target":["https:\/\/iurty.com\/fr\/produit\/serum-collagen-repair\/"]}]},{"@type":"ImageObject","inLanguage":"fr-FR","@id":"https:\/\/iurty.com\/fr\/produit\/serum-collagen-repair\/#primaryimage","url":"https:\/\/iurty.com\/wp-content\/uploads\/2026\/04\/SERUM-COLLAGEN.jpg","contentUrl":"https:\/\/iurty.com\/wp-content\/uploads\/2026\/04\/SERUM-COLLAGEN.jpg","width":1024,"height":1536},{"@type":"BreadcrumbList","@id":"https:\/\/iurty.com\/fr\/produit\/serum-collagen-repair\/#breadcrumb","itemListElement":[{"@type":"ListItem","position":1,"name":"Home","item":"https:\/\/iurty.com\/fr\/"},{"@type":"ListItem","position":2,"name":"Boutique","item":"https:\/\/iurty.com\/fr\/accueil\/boutique\/"},{"@type":"ListItem","position":3,"name":"S\u00e9rum Collagen Repair"}]},{"@type":"WebSite","@id":"https:\/\/iurty.com\/#website","url":"https:\/\/iurty.com\/","name":"IURTY LAB","description":"Molecular Skin Science","publisher":{"@id":"https:\/\/iurty.com\/#organization"},"potentialAction":[{"@type":"SearchAction","target":{"@type":"EntryPoint","urlTemplate":"https:\/\/iurty.com\/?s={search_term_string}"},"query-input":{"@type":"PropertyValueSpecification","valueRequired":true,"valueName":"search_term_string"}}],"inLanguage":"fr-FR"},{"@type":"Organization","@id":"https:\/\/iurty.com\/#organization","name":"IURTY LAB","url":"https:\/\/iurty.com\/","logo":{"@type":"ImageObject","inLanguage":"fr-FR","@id":"https:\/\/iurty.com\/#\/schema\/logo\/image\/","url":"https:\/\/iurty.com\/wp-content\/uploads\/2026\/03\/Fichier-1-1.png","contentUrl":"https:\/\/iurty.com\/wp-content\/uploads\/2026\/03\/Fichier-1-1.png","width":692,"height":256,"caption":"IURTY LAB"},"image":{"@id":"https:\/\/iurty.com\/#\/schema\/logo\/image\/"},"sameAs":["https:\/\/www.instagram.com\/iurty_lab\/"]}]}},"jetpack_sharing_enabled":true,"_links":{"self":[{"href":"https:\/\/iurty.com\/fr\/wp-json\/wp\/v2\/product\/1368","targetHints":{"allow":["GET"]}}],"collection":[{"href":"https:\/\/iurty.com\/fr\/wp-json\/wp\/v2\/product"}],"about":[{"href":"https:\/\/iurty.com\/fr\/wp-json\/wp\/v2\/types\/product"}],"replies":[{"embeddable":true,"href":"https:\/\/iurty.com\/fr\/wp-json\/wp\/v2\/comments?post=1368"}],"wp:featuredmedia":[{"embeddable":true,"href":"https:\/\/iurty.com\/fr\/wp-json\/wp\/v2\/media\/1374"}],"wp:attachment":[{"href":"https:\/\/iurty.com\/fr\/wp-json\/wp\/v2\/media?parent=1368"}],"wp:term":[{"taxonomy":"product_brand","embeddable":true,"href":"https:\/\/iurty.com\/fr\/wp-json\/wp\/v2\/product_brand?post=1368"},{"taxonomy":"product_cat","embeddable":true,"href":"https:\/\/iurty.com\/fr\/wp-json\/wp\/v2\/product_cat?post=1368"},{"taxonomy":"product_tag","embeddable":true,"href":"https:\/\/iurty.com\/fr\/wp-json\/wp\/v2\/product_tag?post=1368"}],"curies":[{"name":"wp","href":"https:\/\/api.w.org\/{rel}","templated":true}]}}