{"id":1381,"date":"2026-04-09T11:42:08","date_gmt":"2026-04-09T11:42:08","guid":{"rendered":"https:\/\/iurty.com\/product\/la-creme-de-jour-iconique\/"},"modified":"2026-05-13T10:12:57","modified_gmt":"2026-05-13T10:12:57","slug":"la-creme-de-jour-iconique","status":"publish","type":"product","link":"https:\/\/iurty.com\/fr\/produit\/la-creme-de-jour-iconique\/","title":{"rendered":"La Cr\u00e8me de Jour Iconique"},"content":{"rendered":"<section class=\"text-token-text-primary w-full focus:outline-none [--shadow-height:45px] has-data-writing-block:pointer-events-none has-data-writing-block:-mt-(--shadow-height) has-data-writing-block:pt-(--shadow-height) [&amp;:has([data-writing-block])&gt;*]:pointer-events-auto [content-visibility:auto] supports-[content-visibility:auto]:[contain-intrinsic-size:auto_100lvh] R6Vx5W_threadScrollVars scroll-mb-[calc(var(--scroll-root-safe-area-inset-bottom,0px)+var(--thread-response-height))] scroll-mt-[calc(var(--header-height)+min(200px,max(70px,20svh)))]\" dir=\"auto\" data-turn-id=\"request-69faee45-7258-832b-9d19-9f4c370ec325-39\" data-testid=\"conversation-turn-172\" data-scroll-anchor=\"false\" data-turn=\"assistant\">\n<div class=\"text-base my-auto mx-auto pb-10 [--thread-content-margin:var(--thread-content-margin-xs,calc(var(--spacing)*4))] @w-sm\/main:[--thread-content-margin:var(--thread-content-margin-sm,calc(var(--spacing)*6))] @w-lg\/main:[--thread-content-margin:var(--thread-content-margin-lg,calc(var(--spacing)*16))] px-(--thread-content-margin)\">\n<div class=\"[--thread-content-max-width:40rem] @w-lg\/main:[--thread-content-max-width:48rem] mx-auto max-w-(--thread-content-max-width) flex-1 group\/turn-messages focus-visible:outline-hidden relative flex w-full min-w-0 flex-col agent-turn\">\n<div class=\"flex max-w-full flex-col gap-4 grow\">\n<div class=\"min-h-8 text-message relative flex w-full flex-col items-end gap-2 text-start break-words whitespace-normal outline-none keyboard-focused:focus-ring [.text-message+&amp;]:mt-1\" dir=\"auto\" tabindex=\"0\" data-message-author-role=\"assistant\" data-message-id=\"b418f44b-4f51-4816-a5a5-2661241313b8\" data-message-model-slug=\"gpt-5-5\" data-turn-start-message=\"true\">\n<div class=\"flex w-full flex-col gap-1 empty:hidden\">\n<div class=\"markdown prose dark:prose-invert wrap-break-word w-full light markdown-new-styling\">\n<p data-start=\"0\" data-end=\"116\" data-is-last-node=\"\" data-is-only-node=\"\">Un soin hydratant pour une peau visiblement plus uniforme, \u00e9quilibr\u00e9e et plus r\u00e9sistante tout au long de la journ\u00e9e.<\/p>\n<\/div>\n<\/div>\n<\/div>\n<\/div>\n<\/div>\n<\/div>\n<\/section>\n<p data-start=\"121\" data-end=\"358\">Cette cr\u00e8me quotidienne associe des exosomes de Centella Asiatica, de l&#8217;acide f\u00e9rulique, du phytocollag\u00e8ne et de l&#8217;extrait de tulipe noire pour aider \u00e0 maintenir l&#8217;hydratation, am\u00e9liorer l&#8217;apparence de la fermet\u00e9 et r\u00e9v\u00e9ler une peau d&#8217;apparence plus lisse, plus lumineuse et plus \u00e9clatante.<\/p>\n<p><strong>COMPLEXE MOL\u00c9CULAIRE X<sup>3<\/sup><\/strong><\/p>\n<p><strong>Technologie mol\u00e9culaire adaptative<\/strong><\/p>\n<ul>\n<li><strong>EXOSOME DE CENTELLA ASIATICA<br \/>\n<\/strong>Centella Asiatica Leaf Vesicles, des v\u00e9sicules extracellulaires d\u2019origine v\u00e9g\u00e9tale issues de la Centella Asiatica, contribuent \u00e0 am\u00e9liorer la diffusion des actifs au sein de la peau et \u00e0 soutenir l\u2019\u00e9quilibre cutan\u00e9. La peau para\u00eet plus apais\u00e9e, plus souple et visiblement affin\u00e9e.<\/li>\n<li><strong>ACIDE F\u00c9RULIQUE<br \/>\n<\/strong>L\u2019acide f\u00e9rulique encapsul\u00e9 aide \u00e0 am\u00e9liorer l\u2019apparence de l\u2019uniformit\u00e9 du teint tout en contribuant \u00e0 pr\u00e9server l\u2019\u00e9clat et la qualit\u00e9 visible de la peau. La peau para\u00eet plus lisse, plus lumineuse et visiblement plus homog\u00e8ne.<\/li>\n<li><strong>PHYTOCOLLAG\u00c8NE<br \/>\n<\/strong>Acacia Senegal Gum, une alternative v\u00e9g\u00e9tale au collag\u00e8ne, contribue \u00e0 am\u00e9liorer l\u2019apparence de la fermet\u00e9 et de l\u2019\u00e9lasticit\u00e9 cutan\u00e9es. La peau para\u00eet plus souple, plus rebondie et visiblement renforc\u00e9e.<\/li>\n<li><strong>EXTRAIT DE TULIPE NOIRE<br \/>\n<\/strong>Reconnu pour ses propri\u00e9t\u00e9s revitalisantes, l&#8217;extrait de tulipe noire aide \u00e0 sublimer l&#8217;\u00e9clat naturel de la peau et \u00e0 am\u00e9liorer l&#8217;apparence d&#8217;un teint plus frais, plus lumineux et visiblement revitalis\u00e9.<\/li>\n<\/ul>\n","protected":false},"excerpt":{"rendered":"<p>Un soin hydratant pour une peau visiblement plus uniforme, \u00e9quilibr\u00e9e et plus r\u00e9sistante tout au long de la journ\u00e9e.<\/p>\n","protected":false},"featured_media":1770,"comment_status":"open","ping_status":"closed","template":"","meta":[],"product_brand":[],"product_cat":[83],"product_tag":[84],"class_list":{"0":"post-1381","1":"product","2":"type-product","3":"status-publish","4":"has-post-thumbnail","6":"product_cat-creme","7":"product_tag-50-ml--17-oz-poids-net","9":"first","10":"outofstock","11":"featured","12":"shipping-taxable","13":"purchasable","14":"product-type-simple"},"yoast_head":"<!-- This site is optimized with the Yoast SEO plugin v27.6 - https:\/\/yoast.com\/product\/yoast-seo-wordpress\/ -->\n<title>La Cr\u00e8me de Jour Iconique - IURTY LAB<\/title>\n<meta name=\"description\" content=\"Un soin hydratant inspir\u00e9 de la science mol\u00e9culaire pour r\u00e9v\u00e9ler une peau visiblement plus uniforme, lumineuse et \u00e9quilibr\u00e9e tout au long de la journ\u00e9e.\" \/>\n<meta name=\"robots\" content=\"index, follow, max-snippet:-1, max-image-preview:large, max-video-preview:-1\" \/>\n<link rel=\"canonical\" href=\"https:\/\/iurty.com\/fr\/produit\/la-creme-de-jour-iconique\/\" \/>\n<meta property=\"og:locale\" content=\"fr_FR\" \/>\n<meta property=\"og:type\" content=\"article\" \/>\n<meta property=\"og:title\" content=\"La Cr\u00e8me de Jour Iconique - IURTY LAB\" \/>\n<meta property=\"og:description\" content=\"Un soin hydratant inspir\u00e9 de la science mol\u00e9culaire pour r\u00e9v\u00e9ler une peau visiblement plus uniforme, lumineuse et \u00e9quilibr\u00e9e tout au long de la journ\u00e9e.\" \/>\n<meta property=\"og:url\" content=\"https:\/\/iurty.com\/fr\/produit\/la-creme-de-jour-iconique\/\" \/>\n<meta property=\"og:site_name\" content=\"IURTY LAB\" \/>\n<meta property=\"article:modified_time\" content=\"2026-05-13T10:12:57+00:00\" \/>\n<meta property=\"og:image\" content=\"https:\/\/iurty.com\/wp-content\/uploads\/2026\/04\/5503-4-1024x1024.png\" \/>\n\t<meta property=\"og:image:width\" content=\"1024\" \/>\n\t<meta property=\"og:image:height\" content=\"1024\" \/>\n\t<meta property=\"og:image:type\" content=\"image\/png\" \/>\n<meta name=\"twitter:card\" content=\"summary_large_image\" \/>\n<meta name=\"twitter:label1\" content=\"Dur\u00e9e de lecture estim\u00e9e\" \/>\n\t<meta name=\"twitter:data1\" content=\"2 minutes\" \/>\n<script type=\"application\/ld+json\" class=\"yoast-schema-graph\">{\"@context\":\"https:\\\/\\\/schema.org\",\"@graph\":[{\"@type\":\"WebPage\",\"@id\":\"https:\\\/\\\/iurty.com\\\/fr\\\/produit\\\/la-creme-de-jour-iconique\\\/\",\"url\":\"https:\\\/\\\/iurty.com\\\/fr\\\/produit\\\/la-creme-de-jour-iconique\\\/\",\"name\":\"La Cr\u00e8me de Jour Iconique - IURTY LAB\",\"isPartOf\":{\"@id\":\"https:\\\/\\\/iurty.com\\\/#website\"},\"primaryImageOfPage\":{\"@id\":\"https:\\\/\\\/iurty.com\\\/fr\\\/produit\\\/la-creme-de-jour-iconique\\\/#primaryimage\"},\"image\":{\"@id\":\"https:\\\/\\\/iurty.com\\\/fr\\\/produit\\\/la-creme-de-jour-iconique\\\/#primaryimage\"},\"thumbnailUrl\":\"https:\\\/\\\/iurty.com\\\/wp-content\\\/uploads\\\/2026\\\/04\\\/5503-4.png\",\"datePublished\":\"2026-04-09T11:42:08+00:00\",\"dateModified\":\"2026-05-13T10:12:57+00:00\",\"description\":\"Un soin hydratant inspir\u00e9 de la science mol\u00e9culaire pour r\u00e9v\u00e9ler une peau visiblement plus uniforme, lumineuse et \u00e9quilibr\u00e9e tout au long de la journ\u00e9e.\",\"breadcrumb\":{\"@id\":\"https:\\\/\\\/iurty.com\\\/fr\\\/produit\\\/la-creme-de-jour-iconique\\\/#breadcrumb\"},\"inLanguage\":\"fr-FR\",\"potentialAction\":[{\"@type\":\"ReadAction\",\"target\":[\"https:\\\/\\\/iurty.com\\\/fr\\\/produit\\\/la-creme-de-jour-iconique\\\/\"]}]},{\"@type\":\"ImageObject\",\"inLanguage\":\"fr-FR\",\"@id\":\"https:\\\/\\\/iurty.com\\\/fr\\\/produit\\\/la-creme-de-jour-iconique\\\/#primaryimage\",\"url\":\"https:\\\/\\\/iurty.com\\\/wp-content\\\/uploads\\\/2026\\\/04\\\/5503-4.png\",\"contentUrl\":\"https:\\\/\\\/iurty.com\\\/wp-content\\\/uploads\\\/2026\\\/04\\\/5503-4.png\",\"width\":2000,\"height\":2000},{\"@type\":\"BreadcrumbList\",\"@id\":\"https:\\\/\\\/iurty.com\\\/fr\\\/produit\\\/la-creme-de-jour-iconique\\\/#breadcrumb\",\"itemListElement\":[{\"@type\":\"ListItem\",\"position\":1,\"name\":\"Home\",\"item\":\"https:\\\/\\\/iurty.com\\\/fr\\\/\"},{\"@type\":\"ListItem\",\"position\":2,\"name\":\"Boutique\",\"item\":\"https:\\\/\\\/iurty.com\\\/fr\\\/accueil\\\/boutique\\\/\"},{\"@type\":\"ListItem\",\"position\":3,\"name\":\"La Cr\u00e8me de Jour Iconique\"}]},{\"@type\":\"WebSite\",\"@id\":\"https:\\\/\\\/iurty.com\\\/#website\",\"url\":\"https:\\\/\\\/iurty.com\\\/\",\"name\":\"IURTY LAB\",\"description\":\"Molecular Skin Science\",\"publisher\":{\"@id\":\"https:\\\/\\\/iurty.com\\\/#organization\"},\"potentialAction\":[{\"@type\":\"SearchAction\",\"target\":{\"@type\":\"EntryPoint\",\"urlTemplate\":\"https:\\\/\\\/iurty.com\\\/?s={search_term_string}\"},\"query-input\":{\"@type\":\"PropertyValueSpecification\",\"valueRequired\":true,\"valueName\":\"search_term_string\"}}],\"inLanguage\":\"fr-FR\"},{\"@type\":\"Organization\",\"@id\":\"https:\\\/\\\/iurty.com\\\/#organization\",\"name\":\"IURTY LAB\",\"url\":\"https:\\\/\\\/iurty.com\\\/\",\"logo\":{\"@type\":\"ImageObject\",\"inLanguage\":\"fr-FR\",\"@id\":\"https:\\\/\\\/iurty.com\\\/#\\\/schema\\\/logo\\\/image\\\/\",\"url\":\"https:\\\/\\\/iurty.com\\\/wp-content\\\/uploads\\\/2026\\\/03\\\/Fichier-1-1.png\",\"contentUrl\":\"https:\\\/\\\/iurty.com\\\/wp-content\\\/uploads\\\/2026\\\/03\\\/Fichier-1-1.png\",\"width\":692,\"height\":256,\"caption\":\"IURTY LAB\"},\"image\":{\"@id\":\"https:\\\/\\\/iurty.com\\\/#\\\/schema\\\/logo\\\/image\\\/\"},\"sameAs\":[\"https:\\\/\\\/www.instagram.com\\\/iurty_lab\\\/\"]}]}<\/script>\n<!-- \/ Yoast SEO plugin. -->","yoast_head_json":{"title":"La Cr\u00e8me de Jour Iconique - IURTY LAB","description":"Un soin hydratant inspir\u00e9 de la science mol\u00e9culaire pour r\u00e9v\u00e9ler une peau visiblement plus uniforme, lumineuse et \u00e9quilibr\u00e9e tout au long de la journ\u00e9e.","robots":{"index":"index","follow":"follow","max-snippet":"max-snippet:-1","max-image-preview":"max-image-preview:large","max-video-preview":"max-video-preview:-1"},"canonical":"https:\/\/iurty.com\/fr\/produit\/la-creme-de-jour-iconique\/","og_locale":"fr_FR","og_type":"article","og_title":"La Cr\u00e8me de Jour Iconique - IURTY LAB","og_description":"Un soin hydratant inspir\u00e9 de la science mol\u00e9culaire pour r\u00e9v\u00e9ler une peau visiblement plus uniforme, lumineuse et \u00e9quilibr\u00e9e tout au long de la journ\u00e9e.","og_url":"https:\/\/iurty.com\/fr\/produit\/la-creme-de-jour-iconique\/","og_site_name":"IURTY LAB","article_modified_time":"2026-05-13T10:12:57+00:00","og_image":[{"width":1024,"height":1024,"url":"https:\/\/iurty.com\/wp-content\/uploads\/2026\/04\/5503-4-1024x1024.png","type":"image\/png"}],"twitter_card":"summary_large_image","twitter_misc":{"Dur\u00e9e de lecture estim\u00e9e":"2 minutes"},"schema":{"@context":"https:\/\/schema.org","@graph":[{"@type":"WebPage","@id":"https:\/\/iurty.com\/fr\/produit\/la-creme-de-jour-iconique\/","url":"https:\/\/iurty.com\/fr\/produit\/la-creme-de-jour-iconique\/","name":"La Cr\u00e8me de Jour Iconique - IURTY LAB","isPartOf":{"@id":"https:\/\/iurty.com\/#website"},"primaryImageOfPage":{"@id":"https:\/\/iurty.com\/fr\/produit\/la-creme-de-jour-iconique\/#primaryimage"},"image":{"@id":"https:\/\/iurty.com\/fr\/produit\/la-creme-de-jour-iconique\/#primaryimage"},"thumbnailUrl":"https:\/\/iurty.com\/wp-content\/uploads\/2026\/04\/5503-4.png","datePublished":"2026-04-09T11:42:08+00:00","dateModified":"2026-05-13T10:12:57+00:00","description":"Un soin hydratant inspir\u00e9 de la science mol\u00e9culaire pour r\u00e9v\u00e9ler une peau visiblement plus uniforme, lumineuse et \u00e9quilibr\u00e9e tout au long de la journ\u00e9e.","breadcrumb":{"@id":"https:\/\/iurty.com\/fr\/produit\/la-creme-de-jour-iconique\/#breadcrumb"},"inLanguage":"fr-FR","potentialAction":[{"@type":"ReadAction","target":["https:\/\/iurty.com\/fr\/produit\/la-creme-de-jour-iconique\/"]}]},{"@type":"ImageObject","inLanguage":"fr-FR","@id":"https:\/\/iurty.com\/fr\/produit\/la-creme-de-jour-iconique\/#primaryimage","url":"https:\/\/iurty.com\/wp-content\/uploads\/2026\/04\/5503-4.png","contentUrl":"https:\/\/iurty.com\/wp-content\/uploads\/2026\/04\/5503-4.png","width":2000,"height":2000},{"@type":"BreadcrumbList","@id":"https:\/\/iurty.com\/fr\/produit\/la-creme-de-jour-iconique\/#breadcrumb","itemListElement":[{"@type":"ListItem","position":1,"name":"Home","item":"https:\/\/iurty.com\/fr\/"},{"@type":"ListItem","position":2,"name":"Boutique","item":"https:\/\/iurty.com\/fr\/accueil\/boutique\/"},{"@type":"ListItem","position":3,"name":"La Cr\u00e8me de Jour Iconique"}]},{"@type":"WebSite","@id":"https:\/\/iurty.com\/#website","url":"https:\/\/iurty.com\/","name":"IURTY LAB","description":"Molecular Skin Science","publisher":{"@id":"https:\/\/iurty.com\/#organization"},"potentialAction":[{"@type":"SearchAction","target":{"@type":"EntryPoint","urlTemplate":"https:\/\/iurty.com\/?s={search_term_string}"},"query-input":{"@type":"PropertyValueSpecification","valueRequired":true,"valueName":"search_term_string"}}],"inLanguage":"fr-FR"},{"@type":"Organization","@id":"https:\/\/iurty.com\/#organization","name":"IURTY LAB","url":"https:\/\/iurty.com\/","logo":{"@type":"ImageObject","inLanguage":"fr-FR","@id":"https:\/\/iurty.com\/#\/schema\/logo\/image\/","url":"https:\/\/iurty.com\/wp-content\/uploads\/2026\/03\/Fichier-1-1.png","contentUrl":"https:\/\/iurty.com\/wp-content\/uploads\/2026\/03\/Fichier-1-1.png","width":692,"height":256,"caption":"IURTY LAB"},"image":{"@id":"https:\/\/iurty.com\/#\/schema\/logo\/image\/"},"sameAs":["https:\/\/www.instagram.com\/iurty_lab\/"]}]}},"jetpack_sharing_enabled":true,"_links":{"self":[{"href":"https:\/\/iurty.com\/fr\/wp-json\/wp\/v2\/product\/1381","targetHints":{"allow":["GET"]}}],"collection":[{"href":"https:\/\/iurty.com\/fr\/wp-json\/wp\/v2\/product"}],"about":[{"href":"https:\/\/iurty.com\/fr\/wp-json\/wp\/v2\/types\/product"}],"replies":[{"embeddable":true,"href":"https:\/\/iurty.com\/fr\/wp-json\/wp\/v2\/comments?post=1381"}],"wp:featuredmedia":[{"embeddable":true,"href":"https:\/\/iurty.com\/fr\/wp-json\/wp\/v2\/media\/1770"}],"wp:attachment":[{"href":"https:\/\/iurty.com\/fr\/wp-json\/wp\/v2\/media?parent=1381"}],"wp:term":[{"taxonomy":"product_brand","embeddable":true,"href":"https:\/\/iurty.com\/fr\/wp-json\/wp\/v2\/product_brand?post=1381"},{"taxonomy":"product_cat","embeddable":true,"href":"https:\/\/iurty.com\/fr\/wp-json\/wp\/v2\/product_cat?post=1381"},{"taxonomy":"product_tag","embeddable":true,"href":"https:\/\/iurty.com\/fr\/wp-json\/wp\/v2\/product_tag?post=1381"}],"curies":[{"name":"wp","href":"https:\/\/api.w.org\/{rel}","templated":true}]}}